{"id":1007,"date":"2025-02-06T11:10:56","date_gmt":"2025-02-06T10:10:56","guid":{"rendered":"http:\/\/juzbado.es\/nuevaweb\/?page_id=1007"},"modified":"2025-02-14T11:06:45","modified_gmt":"2025-02-14T10:06:45","slug":"biblioteca","status":"publish","type":"page","link":"https:\/\/juzbado.es\/nuevaweb\/biblioteca\/","title":{"rendered":"Biblioteca"},"content":{"rendered":"\n<p class=\"has-medium-font-size\"><strong>BIBLIOTECA MUNICIPAL:\u00a0<\/strong><br><\/p>\n\n\n\n<p>La biblioteca municipal de Juzbado se encuentra ubicada en la segunda planta del edificio del Ayuntamiento.&nbsp; La biblioteca cuenta con un fondo de&nbsp;5.000 ejemplares repartido en&nbsp;un amplio espacio con vistas al exterior.&nbsp;&nbsp; Una gran mesa central&nbsp;destinada para la lectura, el estudio o el trabajo en grupo,&nbsp;articula toda la sala.&nbsp; En uno de los rincones de la biblioteca hay 4 ordenadores con conexi\u00f3n gratuita a internet.<\/p>\n\n\n\n<figure class=\"wp-block-image aligncenter\"><a href=\"https:\/\/blogger.googleusercontent.com\/img\/b\/R29vZ2xl\/AVvXsEikFc4xEZCnbEWEwzzmjzHDPV1bB50bdF6yE9YU24n7KVvhHo_yUiNJP5yIJblVZ56WOr6afiUIRaH3Bkxd7zbAel0mu9erWMKOJ2z0_cGmJZKghvrgHJzbj56TUqRqmX2Cr_fT435pZPwWMgWrav0c632xq60wKpvxuZySAW3blgjRJFoG0k7Iduka\/s375\/BIBLIOTECA%20logo%20petit.png\"><img decoding=\"async\" src=\"https:\/\/blogger.googleusercontent.com\/img\/b\/R29vZ2xl\/AVvXsEikFc4xEZCnbEWEwzzmjzHDPV1bB50bdF6yE9YU24n7KVvhHo_yUiNJP5yIJblVZ56WOr6afiUIRaH3Bkxd7zbAel0mu9erWMKOJ2z0_cGmJZKghvrgHJzbj56TUqRqmX2Cr_fT435pZPwWMgWrav0c632xq60wKpvxuZySAW3blgjRJFoG0k7Iduka\/w120-h106\/BIBLIOTECA%20logo%20petit.png\" alt=\"biblioteca municipal de juzbado, logo\" title=\"biblioteca municipal de juzbado, logo\"\/><\/a><\/figure>\n\n\n\n<p>La biblioteca municipal ha estado abierta ininterrumpidamente desde finales del a\u00f1o 2008 y, desde entonces, ha ofrecido servicio a los vecinos y a otros habitantes de nuestra comarca.&nbsp;&nbsp;Est\u00e1 abierta todo el a\u00f1o con horarios de verano y horarios de invierno.&nbsp;&nbsp;Tambi\u00e9n ha desempe\u00f1ado un papel imprescindible en la programaci\u00f3n cultural de Juzbado, formando parte como instalaci\u00f3n para la promoci\u00f3n de la lectura e infraestructura en la programaci\u00f3n cultural de oto\u00f1o, de verano o de navidad.&nbsp;&nbsp;Hay que se\u00f1alar, que en la biblioteca se han celebrado tambi\u00e9n encuentros y reuniones fuera del horario de apertura y que es, tambi\u00e9n, la sede de las clases de ingl\u00e9s, las de inform\u00e1tica y las de&nbsp;<a href=\"https:\/\/juzbado.blogspot.com\/2022\/10\/creacion-y-aprovechamiento-textil-pasra.html\" target=\"_blank\" rel=\"noreferrer noopener\">costura<\/a>.&nbsp; Con respecto a las propuestas participativas y formativas que realizamos en la biblioteca a los largo de todo el a\u00f1o, os iremos informando en muestras redes sociales y en el&nbsp;<a href=\"https:\/\/juzbado.blogspot.com\/\" target=\"_blank\" rel=\"noreferrer noopener\">panel central de la WEB<\/a>.<\/p>\n\n\n\n<figure class=\"wp-block-image aligncenter\"><a href=\"https:\/\/blogger.googleusercontent.com\/img\/b\/R29vZ2xl\/AVvXsEjrzJCtQIQZUvhzgzRC2i58_Jxg87H4mG0-Ph7nq8EtVhG0mvUFpnOTgFXb4PFgaQWK0Kc06l68-Zu9aNILZC6y609jA4QuijFYnG5QjWD95afeUqPN1EzpK66GiDJjJpMjokzAjJcULebeLwypg-F-0F3D5LJudMsi_C-0xgIfTyje5hwy3a9mD8FTBHY\/s2542\/Panorama%201%20(5).png\"><img decoding=\"async\" src=\"https:\/\/blogger.googleusercontent.com\/img\/b\/R29vZ2xl\/AVvXsEjrzJCtQIQZUvhzgzRC2i58_Jxg87H4mG0-Ph7nq8EtVhG0mvUFpnOTgFXb4PFgaQWK0Kc06l68-Zu9aNILZC6y609jA4QuijFYnG5QjWD95afeUqPN1EzpK66GiDJjJpMjokzAjJcULebeLwypg-F-0F3D5LJudMsi_C-0xgIfTyje5hwy3a9mD8FTBHY\/w640-h156\/Panorama%201%20(5).png\" alt=\"\"\/><\/a><\/figure>\n\n\n\n<p>Os informamos que, durante la temporada de piscinas, la biblioteca cuenta con una bibliopiscina dentro del recinto de las piscinas con una selecci\u00f3n de t\u00edtulos para su lectura entre las 12:30 h y las 20:30 h.<\/p>\n\n\n\n<figure class=\"wp-block-image aligncenter\"><a href=\"https:\/\/blogger.googleusercontent.com\/img\/b\/R29vZ2xl\/AVvXsEjNw_N4cnNzxq172AlAcsj2jMQRSU7nTenodiGpNtkh3YPfxGRqXoZeTbLN3EsFZt6VsrH8sD_0uLJRcDBXzerbH410thi6DdaeLLV6fRJRNKSYKOzw1b3E-yuXojeC7v76Ro-633GD0HSmRMo1j5s5kQTVBlpBOi-GW7R3t8e0jcFw0W741uGPHHcyTYA\/s3973\/Panorama%20juzbado%20marzo%202018-01%20-%20copia%20(3).png\"><img decoding=\"async\" src=\"https:\/\/blogger.googleusercontent.com\/img\/b\/R29vZ2xl\/AVvXsEjNw_N4cnNzxq172AlAcsj2jMQRSU7nTenodiGpNtkh3YPfxGRqXoZeTbLN3EsFZt6VsrH8sD_0uLJRcDBXzerbH410thi6DdaeLLV6fRJRNKSYKOzw1b3E-yuXojeC7v76Ro-633GD0HSmRMo1j5s5kQTVBlpBOi-GW7R3t8e0jcFw0W741uGPHHcyTYA\/w640-h144\/Panorama%20juzbado%20marzo%202018-01%20-%20copia%20(3).png\" alt=\"\"\/><\/a><\/figure>\n\n\n\n<p>Adem\u00e1s, la biblioteca de Juzbado ha promovido la celebraci\u00f3n de los encuentros del Libro Abierto de Juzbado desde el a\u00f1o 2008.&nbsp; Si quieres saber qu\u00e9 es el Libro abierto,&nbsp;<a href=\"http:\/\/juzbado.blogspot.com\/p\/libro-abierto.html\" target=\"_blank\" rel=\"noreferrer noopener\">pincha aqu\u00ed<\/a>.&nbsp;<\/p>\n\n\n\n<p>Puedes contactar con nosotros en: bibliotecajuzbado@juzbado.es<br>&nbsp;<\/p>\n\n\n\n<p>Ubicaci\u00f3n:&nbsp;<a href=\"https:\/\/goo.gl\/maps\/d4C9tzULB7Fuo8Bu7\" target=\"_blank\" rel=\"noreferrer noopener\">C\/ Consistorial n\u00ba 5&nbsp;&nbsp;&nbsp;<\/a><a href=\"https:\/\/goo.gl\/maps\/d4C9tzULB7Fuo8Bu7\" target=\"_blank\" rel=\"noreferrer noopener\">(Edificio del Ayuntamiento, 2\u00aa&nbsp;planta)&nbsp;<\/a><\/p>\n\n\n\n<p><strong><u>Horario de atenci\u00f3n al p\u00fablico en el verano 2023:<\/u><\/strong>&nbsp;<br><br>De&nbsp;LUNES A VIERNES&nbsp;entre las 10:00 y las 14:00 h.&nbsp;<\/p>\n\n\n\n<figure class=\"wp-block-image aligncenter\"><a href=\"https:\/\/blogger.googleusercontent.com\/img\/b\/R29vZ2xl\/AVvXsEjku7g6bGpPH4Qu_GJHAX9Q0ESm8gEcMbi3oKF-cFTAykYjUAEuLna9sfbmIq8gT-g7lyTMvq3E2YhcgZz_jZmtAd8qa1SznHDzatSNFigZaWrcH7C2GGJlV5p9HZZPMSn62fQ4XtMqTQbOcg76bWNZNVGwP_Kcvekm9ZYzffW2S8zYUKY7IrnMmeg_\/s4032\/20191029_200346.jpg\"><img decoding=\"async\" src=\"https:\/\/blogger.googleusercontent.com\/img\/b\/R29vZ2xl\/AVvXsEjku7g6bGpPH4Qu_GJHAX9Q0ESm8gEcMbi3oKF-cFTAykYjUAEuLna9sfbmIq8gT-g7lyTMvq3E2YhcgZz_jZmtAd8qa1SznHDzatSNFigZaWrcH7C2GGJlV5p9HZZPMSn62fQ4XtMqTQbOcg76bWNZNVGwP_Kcvekm9ZYzffW2S8zYUKY7IrnMmeg_\/w366-h206\/20191029_200346.jpg\" alt=\"biblioteca municipal de juzbado\" title=\"biblioteca municipal de juzbado\"\/><\/a><\/figure>\n\n\n\n<p><strong>&nbsp;<\/strong><\/p>\n\n\n\n<p><strong>Estamos en&nbsp;<a href=\"https:\/\/www.facebook.com\/Biblioteca-de-Juzbado-112884731395699\" target=\"_blank\" rel=\"noreferrer noopener\">FACEBOOK<\/a>&nbsp;y en<a href=\"https:\/\/www.instagram.com\/bibliotecadejuzbado\/\" target=\"_blank\" rel=\"noreferrer noopener\">&nbsp;INSTAGRAM<\/a><\/strong><\/p>\n\n\n\n<p><strong>Servicio de Bibliob\u00fas: (2023)<\/strong>&nbsp;<br><br>RUTA 10 &#8211; BIBLIOB\u00daS C<br>Los JUEVES a las 15.20 h. en la Plaza de la Iglesia:<\/p>\n\n\n\n<p>12 de enero (Jueves), 9 de febrero (Jueves),&nbsp;&nbsp;9 de marzo&nbsp;(Jueves), 20 de abril (Jueves), 18 de mayo, 15 de junio (Jueves), 13 de julio (Jueves), 21 de septiembre (Jueves) y 19 de octubre (Jueves)<br>TEL\u00c9FONO DE CONTACTO BIBLIOBUS: 686 412 040 (<em>whatsapp<\/em>)<\/p>\n\n\n\n<p>CORREO ELECTR\u00d3NICO:&nbsp;<a href=\"mailto:bibliobusC@lasalina.es\">bibliobusC@lasalina.es<\/a><\/p>\n\n\n\n<p>Twitter:&nbsp;<a href=\"https:\/\/twitter.com\/bibliodipusal?lang=es\" target=\"_blank\" rel=\"noreferrer noopener\">@bibliodipusal<\/a><\/p>\n\n\n\n<p>Bibliotecaria: Cristina Mart\u00edn Rodr\u00edguez<br>Auxiliar de Bteca.: J. Javier V\u00e1zquez R\u00edos&nbsp;&nbsp;<\/p>\n\n\n\n<figure class=\"wp-block-image aligncenter\"><a href=\"https:\/\/blogger.googleusercontent.com\/img\/b\/R29vZ2xl\/AVvXsEijKZSgTMfgAx-acWx015GRmTNe5C910H18mMN4ut2BH2K8MiESlqHFFc_vZIB-TKvRHHej5KsbpVH7-Dyju02NRwRKY8F8mLpQ4SiyuTaMUrefYDcQmfBO2cpysOJ_Cif-Y2ivjpExKa8\/s1600\/20170206_162434-01%255B1%255D.jpeg\"><img decoding=\"async\" src=\"https:\/\/blogger.googleusercontent.com\/img\/b\/R29vZ2xl\/AVvXsEijKZSgTMfgAx-acWx015GRmTNe5C910H18mMN4ut2BH2K8MiESlqHFFc_vZIB-TKvRHHej5KsbpVH7-Dyju02NRwRKY8F8mLpQ4SiyuTaMUrefYDcQmfBO2cpysOJ_Cif-Y2ivjpExKa8\/w367-h206\/20170206_162434-01%255B1%255D.jpeg\" alt=\"juzbado, bibliob\u00fas\" title=\"juzbado, bibliob\u00fas\"\/><\/a><\/figure>\n","protected":false},"excerpt":{"rendered":"<p>BIBLIOTECA MUNICIPAL:\u00a0 La biblioteca municipal de Juzbado se encuentra ubicada en la segunda planta del edificio del Ayuntamiento.&nbsp; La biblioteca cuenta con un fondo de&nbsp;5.000 ejemplares repartido en&nbsp;un amplio espacio con vistas al exterior.&nbsp;&nbsp; Una gran mesa central&nbsp;destinada para la lectura, el estudio o el trabajo en grupo,&nbsp;articula toda la sala.&nbsp; En uno de los [&hellip;]<\/p>\n","protected":false},"author":1,"featured_media":0,"parent":0,"menu_order":0,"comment_status":"closed","ping_status":"closed","template":"","meta":{"saved_in_kubio":true,"footnotes":""},"class_list":["post-1007","page","type-page","status-publish","hentry"],"kubio_ai_page_context":{"short_desc":"","purpose":"general"},"_links":{"self":[{"href":"https:\/\/juzbado.es\/nuevaweb\/wp-json\/wp\/v2\/pages\/1007","targetHints":{"allow":["GET"]}}],"collection":[{"href":"https:\/\/juzbado.es\/nuevaweb\/wp-json\/wp\/v2\/pages"}],"about":[{"href":"https:\/\/juzbado.es\/nuevaweb\/wp-json\/wp\/v2\/types\/page"}],"author":[{"embeddable":true,"href":"https:\/\/juzbado.es\/nuevaweb\/wp-json\/wp\/v2\/users\/1"}],"replies":[{"embeddable":true,"href":"https:\/\/juzbado.es\/nuevaweb\/wp-json\/wp\/v2\/comments?post=1007"}],"version-history":[{"count":4,"href":"https:\/\/juzbado.es\/nuevaweb\/wp-json\/wp\/v2\/pages\/1007\/revisions"}],"predecessor-version":[{"id":1176,"href":"https:\/\/juzbado.es\/nuevaweb\/wp-json\/wp\/v2\/pages\/1007\/revisions\/1176"}],"wp:attachment":[{"href":"https:\/\/juzbado.es\/nuevaweb\/wp-json\/wp\/v2\/media?parent=1007"}],"curies":[{"name":"wp","href":"https:\/\/api.w.org\/{rel}","templated":true}]}}