{"id":1010,"date":"2025-02-14T10:46:54","date_gmt":"2025-02-14T09:46:54","guid":{"rendered":"http:\/\/juzbado.es\/nuevaweb\/?page_id=1010"},"modified":"2025-02-14T10:49:45","modified_gmt":"2025-02-14T09:49:45","slug":"rutas-y-sendas","status":"publish","type":"page","link":"https:\/\/juzbado.es\/nuevaweb\/rutas-y-sendas\/","title":{"rendered":"Rutas y sendas"},"content":{"rendered":"\n<p><strong>RUTAS Y SENDAS:<\/strong><\/p>\n\n\n\n<p>Juzbado cuenta con rutas y sendas para la pr\u00e1ctica del senderismo, la bicicleta de monta\u00f1a o el cicloturismo y, en general, el paseo.&nbsp; Gracias a la participaci\u00f3n de numerosas personas en diferentes programas de voluntariado ambiental y las iniciativas privadas puestas en marcha desde otros \u00e1mbitos, contamos en este momento con dos grandes rutas que discurren a los largo del r\u00edo Tormes, uniendo Juzbado con otros pueblos de la comarca tormesina.&nbsp; Se trata de un \u00e1mbito paisaj\u00edstico fundamentalmente fluvial que cuenta con la protecci\u00f3n denominada&nbsp;<a href=\"http:\/\/rednatura.jcyl.es\/natura2000\/LIC\/LIC2.html\" target=\"_blank\" rel=\"noreferrer noopener\">LIC riberas del rio Tormes y afluentes<\/a>.&nbsp; Adem\u00e1s de estas rutas existen multitud de caminos y recorridos posibles que recogemos en la&nbsp;<a href=\"http:\/\/juzbado.blogspot.com.es\/2016\/08\/juzbado-presenta-su-guia-de-caminos.html\" target=\"_blank\" rel=\"noreferrer noopener\">2\u00aa edici\u00f3n de Juzbado Camina<\/a>.<\/p>\n\n\n\n<figure class=\"wp-block-image aligncenter size-full\"><img loading=\"lazy\" decoding=\"async\" width=\"400\" height=\"266\" src=\"http:\/\/juzbado.es\/nuevaweb\/wp-content\/uploads\/2025\/02\/AMANECER-JUZBADO-27-OCTUBRE-2016-4-Copiar.jpeg\" alt=\"\" class=\"wp-image-1155\" srcset=\"https:\/\/juzbado.es\/nuevaweb\/wp-content\/uploads\/2025\/02\/AMANECER-JUZBADO-27-OCTUBRE-2016-4-Copiar.jpeg 400w, https:\/\/juzbado.es\/nuevaweb\/wp-content\/uploads\/2025\/02\/AMANECER-JUZBADO-27-OCTUBRE-2016-4-Copiar-300x200.jpeg 300w\" sizes=\"(max-width: 400px) 100vw, 400px\" \/><figcaption class=\"wp-element-caption\"><sup>Imagen de nuestra ribera tormesina durante un amanecer de oto\u00f1o.<\/sup><\/figcaption><\/figure>\n\n\n\n<p><strong>Camino Viejo de Los Ba\u00f1os:<\/strong><\/p>\n\n\n\n<p>El camino que une Juzbado con los Ba\u00f1os de Ledesma (balneario de origen romano) discurre marcado por el car\u00e1cter que los usos humanos han ido confiri\u00e9ndole a lo largo de los a\u00f1os. En las cercan\u00edas del&nbsp;<em>Arroyo de Fuentesosa<\/em>&nbsp;-popularmente conocido como \u201cel regato\u201d-, al que se accede desde Juzbado por un hermoso sendero entre lindes de piedra, permanecen en pie los restos, a\u00fan en estudio, de un refugio de caza de \u00e9pocas prehist\u00f3ricas, probablemente del Neol\u00edtico. M\u00e1s all\u00e1, hacia el oeste, el camino sorprende con antiguas tenadas y casas de pastor. Mirando al Tormes desde algunos de los miradores que sobre \u00e9l se elevan, pueden verse norias y molinos de piedra.&nbsp;Esta v\u00eda, recientemente recuperada, gracias a un programa de voluntariado ambiental aunque de uso constante anta\u00f1o, discurre a la vera de la calzada romana Salamanca-Ledesma, que en muchos puntos de su recorrido buscaba el amparo del Tormes.&nbsp;<strong><a href=\"https:\/\/mapsengine.google.com\/map\/u\/0\/edit?mid=zQpPcjnahY-c.kJlCDYa53TUg\" target=\"_blank\" rel=\"noreferrer noopener\">Consultar mapa aqu\u00ed.<\/a><\/strong><\/p>\n\n\n\n<figure class=\"wp-block-image aligncenter size-full\"><img loading=\"lazy\" decoding=\"async\" width=\"400\" height=\"266\" src=\"http:\/\/juzbado.es\/nuevaweb\/wp-content\/uploads\/2025\/02\/visita-colegio-santa-teresa-de-jesus-Juzbado-4-Copiar.jpeg\" alt=\"\" class=\"wp-image-1156\" srcset=\"https:\/\/juzbado.es\/nuevaweb\/wp-content\/uploads\/2025\/02\/visita-colegio-santa-teresa-de-jesus-Juzbado-4-Copiar.jpeg 400w, https:\/\/juzbado.es\/nuevaweb\/wp-content\/uploads\/2025\/02\/visita-colegio-santa-teresa-de-jesus-Juzbado-4-Copiar-300x200.jpeg 300w\" sizes=\"(max-width: 400px) 100vw, 400px\" \/><figcaption class=\"wp-element-caption\"><sub>Bajada hacia la ribera del Tormes desde el n\u00facleo urbano de Juzbado.<\/sub><\/figcaption><\/figure>\n\n\n\n<p>Sin embargo, el gran atractivo de este camino es la constante sorpresa natural que nos ofrece. Juega con la orilla del r\u00edo, a la que en ocasiones se arrima, trepa a atalayas de rocas gran\u00edticas sobre el Tormes, ofreciendo un precioso espect\u00e1culo visual. Entra en el encinar y&nbsp; sortea brotes de pe\u00f1as que emergen del subsuelo. En otras ocasiones, invita al caminante a adentrarse en senderos boscosos para contemplar de cerca colonias con decenas de nidos de cig\u00fce\u00f1a sobre negrillos y \u00e1lamos a la orilla del r\u00edo.&nbsp;<br><br>Puedes descargar&nbsp;<a href=\"https:\/\/drive.google.com\/file\/d\/10ipXpukaBxOkYw_cSFgbb6yjMKcVxoX9\/view\" target=\"_blank\" rel=\"noreferrer noopener\">el \u00faltimo d\u00edptico de la ruta aqu\u00ed<\/a>.<\/p>\n\n\n\n<figure class=\"wp-block-image aligncenter size-full\"><img loading=\"lazy\" decoding=\"async\" width=\"400\" height=\"266\" src=\"http:\/\/juzbado.es\/nuevaweb\/wp-content\/uploads\/2025\/02\/El-bosque-de-ribera-en-otono-Copiar.jpg\" alt=\"\" class=\"wp-image-1157\" srcset=\"https:\/\/juzbado.es\/nuevaweb\/wp-content\/uploads\/2025\/02\/El-bosque-de-ribera-en-otono-Copiar.jpg 400w, https:\/\/juzbado.es\/nuevaweb\/wp-content\/uploads\/2025\/02\/El-bosque-de-ribera-en-otono-Copiar-300x200.jpg 300w\" sizes=\"(max-width: 400px) 100vw, 400px\" \/><figcaption class=\"wp-element-caption\"><sub>El oto\u00f1o juzbadino.<\/sub><\/figcaption><\/figure>\n\n\n\n<p><strong>Camino de \u201cSanta Luc\u00eda\u201d:<\/strong><\/p>\n\n\n\n<p>El camino viejo de Santa Luc\u00eda parte de la&nbsp;<em>Pe\u00f1a del Castillo<\/em>&nbsp;hacia el este descendiendo a la&nbsp;<em>Ribera Grande<\/em>&nbsp;junto a la ribera del Tormes hasta llegar a la antigua mina y posteriormente al pueblo lim\u00edtrofe por el este de Almenara de Tormes.&nbsp; Cabe se\u00f1alar, que estos dos caminos, frecuentados cada vez m\u00e1s por paseantes y curiosos, confieren al eje fluvial del r\u00edo Tormes un sentido territorial para llevar a cabo nuevas f\u00f3rmulas de aprendizaje y disfrute de la naturaleza.&nbsp; En este \u00faltimo municipio se encuentra uno de los pocos centros de iniciativas ambientales de la provincia de Salamanca: El Centro de Iniciativas Ambientales. Para m\u00e1s informaci\u00f3n, consultar el apartado de&nbsp;<strong><a href=\"http:\/\/www.birdwatchinginspain.com\/index.php\/rutas\/index.php?option=com_content&amp;id=4375\" target=\"_blank\" rel=\"noreferrer noopener\">turismo ornitol\u00f3gico<\/a>. &nbsp;<\/strong><br><strong><a href=\"https:\/\/mapsengine.google.com\/map\/u\/0\/viewer?mid=zQpPcjnahY-c.kVRIZMrzvWOM&amp;cid=mp&amp;cv=WinJandpX7E.es.\" target=\"_blank\" rel=\"noreferrer noopener\">Consultar mapa aqu\u00ed.<\/a><\/strong><\/p>\n\n\n\n<figure class=\"wp-block-image aligncenter size-full\"><img loading=\"lazy\" decoding=\"async\" width=\"640\" height=\"461\" src=\"http:\/\/juzbado.es\/nuevaweb\/wp-content\/uploads\/2025\/02\/camino-santa-lucia-ortovox.jpg\" alt=\"\" class=\"wp-image-1160\" srcset=\"https:\/\/juzbado.es\/nuevaweb\/wp-content\/uploads\/2025\/02\/camino-santa-lucia-ortovox.jpg 640w, https:\/\/juzbado.es\/nuevaweb\/wp-content\/uploads\/2025\/02\/camino-santa-lucia-ortovox-300x216.jpg 300w\" sizes=\"(max-width: 640px) 100vw, 640px\" \/><\/figure>\n\n\n\n<p><strong>Otras rutas:<\/strong><\/p>\n\n\n\n<p>En estos momentos estamos trabajando para se\u00f1alizar la&nbsp;<strong>Ruta de las Fuentes<\/strong>&nbsp;que discurre a lo largo de Arroyo de Fuente Seca y sus numerosas fuentes, ca\u00f1os y manantiales.&nbsp;&nbsp;<a href=\"https:\/\/drive.google.com\/file\/d\/0B0vjVkzdPU3OTVdGWUZKUWNhSUk\/view\" target=\"_blank\" rel=\"noreferrer noopener\"><strong>Te invitamos a descargar la \u00faltima versi\u00f3n de nuestro mapa de caminos Juzbado Camina.<\/strong><\/a>&nbsp; Asimismo, puedes ponerte en contacto con nosotros para que podamos recomendarte otros itinerarios de tu inter\u00e9s en&nbsp;<a href=\"mailto:juzbadolibroabierto@gmail.com\">juzbadolibroabierto@gmail.com<\/a><\/p>\n\n\n\n<figure class=\"wp-block-image aligncenter size-full\"><img loading=\"lazy\" decoding=\"async\" width=\"400\" height=\"266\" src=\"http:\/\/juzbado.es\/nuevaweb\/wp-content\/uploads\/2025\/02\/Senalizacion-de-los-senderos-Copiar.jpg\" alt=\"\" class=\"wp-image-1158\" srcset=\"https:\/\/juzbado.es\/nuevaweb\/wp-content\/uploads\/2025\/02\/Senalizacion-de-los-senderos-Copiar.jpg 400w, https:\/\/juzbado.es\/nuevaweb\/wp-content\/uploads\/2025\/02\/Senalizacion-de-los-senderos-Copiar-300x200.jpg 300w\" sizes=\"(max-width: 400px) 100vw, 400px\" \/><figcaption class=\"wp-element-caption\"><sub>Baliza del Camino Viejo de los Ba\u00f1os.<\/sub><\/figcaption><\/figure>\n","protected":false},"excerpt":{"rendered":"<p>RUTAS Y SENDAS: Juzbado cuenta con rutas y sendas para la pr\u00e1ctica del senderismo, la bicicleta de monta\u00f1a o el cicloturismo y, en general, el paseo.&nbsp; Gracias a la participaci\u00f3n de numerosas personas en diferentes programas de voluntariado ambiental y las iniciativas privadas puestas en marcha desde otros \u00e1mbitos, contamos en este momento con dos [&hellip;]<\/p>\n","protected":false},"author":1,"featured_media":0,"parent":0,"menu_order":0,"comment_status":"closed","ping_status":"closed","template":"","meta":{"saved_in_kubio":true,"footnotes":""},"class_list":["post-1010","page","type-page","status-publish","hentry"],"kubio_ai_page_context":{"short_desc":"","purpose":"general"},"_links":{"self":[{"href":"https:\/\/juzbado.es\/nuevaweb\/wp-json\/wp\/v2\/pages\/1010","targetHints":{"allow":["GET"]}}],"collection":[{"href":"https:\/\/juzbado.es\/nuevaweb\/wp-json\/wp\/v2\/pages"}],"about":[{"href":"https:\/\/juzbado.es\/nuevaweb\/wp-json\/wp\/v2\/types\/page"}],"author":[{"embeddable":true,"href":"https:\/\/juzbado.es\/nuevaweb\/wp-json\/wp\/v2\/users\/1"}],"replies":[{"embeddable":true,"href":"https:\/\/juzbado.es\/nuevaweb\/wp-json\/wp\/v2\/comments?post=1010"}],"version-history":[{"count":5,"href":"https:\/\/juzbado.es\/nuevaweb\/wp-json\/wp\/v2\/pages\/1010\/revisions"}],"predecessor-version":[{"id":1164,"href":"https:\/\/juzbado.es\/nuevaweb\/wp-json\/wp\/v2\/pages\/1010\/revisions\/1164"}],"wp:attachment":[{"href":"https:\/\/juzbado.es\/nuevaweb\/wp-json\/wp\/v2\/media?parent=1010"}],"curies":[{"name":"wp","href":"https:\/\/api.w.org\/{rel}","templated":true}]}}