{"id":1169,"date":"2025-02-14T10:57:31","date_gmt":"2025-02-14T09:57:31","guid":{"rendered":"http:\/\/juzbado.es\/nuevaweb\/?page_id=1169"},"modified":"2025-02-14T10:57:31","modified_gmt":"2025-02-14T09:57:31","slug":"educacion-ambiental","status":"publish","type":"page","link":"https:\/\/juzbado.es\/nuevaweb\/educacion-ambiental\/","title":{"rendered":"EDUCACI\u00d3N AMBIENTAL"},"content":{"rendered":"\n<h3 class=\"wp-block-heading\">EDUCACI\u00d3N AMBIENTAL<\/h3>\n\n\n\n<p>El municipio de Juzbado desarrolla desde hace m\u00e1s de una d\u00e9cada un conjunto de acciones y experiencias participativas y vinculadas a la educaci\u00f3n y a la concienciaci\u00f3n medioambiental con una clara vocaci\u00f3n de cambio y de transformaci\u00f3n de nuestro entorno local y global. En las pr\u00f3ximas l\u00edneas vamos a resumir brevemente algunas de ellas con el fin de visibilizar mejor nuestra acci\u00f3n municipal en relaci\u00f3n a los retos clim\u00e1ticos y ambientales a los que nos enfrentamos no solo como comunidad rural, sino como civilizaci\u00f3n universal.<\/p>\n\n\n\n<figure class=\"wp-block-image aligncenter size-full\"><img loading=\"lazy\" decoding=\"async\" width=\"640\" height=\"360\" src=\"http:\/\/juzbado.es\/nuevaweb\/wp-content\/uploads\/2025\/02\/20190614_172635-01-01.jpeg\" alt=\"\" class=\"wp-image-1170\" srcset=\"https:\/\/juzbado.es\/nuevaweb\/wp-content\/uploads\/2025\/02\/20190614_172635-01-01.jpeg 640w, https:\/\/juzbado.es\/nuevaweb\/wp-content\/uploads\/2025\/02\/20190614_172635-01-01-300x169.jpeg 300w\" sizes=\"(max-width: 640px) 100vw, 640px\" \/><\/figure>\n\n\n\n<p><br><br>El municipio de Juzbado cuenta con una estrategia propia inspirada en varios documentos que, en los \u00faltimos a\u00f1os, se adaptan a las agendas y objetivos estrat\u00e9gicos vigentes. Otro pilar fundamental es la II Estrategia de Educaci\u00f3n Ambiental de la Castilla y Le\u00f3n 2016-2020 de la que formamos parte como participantes y, tambi\u00e9n, en los \u00faltimos meses, en su propia evaluaci\u00f3n.<\/p>\n\n\n\n<p>Juzbado, junio de 2022<\/p>\n\n\n\n<p><strong><a href=\"https:\/\/drive.google.com\/file\/d\/1TPDkE08HMG8VvWDYnQ8gB1Xc4NeuyBWn\/view?usp=sharing\" target=\"_blank\" rel=\"noreferrer noopener\">CONSULTA AQU\u00cd EL DOSSIER DE PROPUESTAS Y ACCIONES AMBIENTALES EN JUZBADO&nbsp;<\/a><\/strong><\/p>\n","protected":false},"excerpt":{"rendered":"<p>EDUCACI\u00d3N AMBIENTAL El municipio de Juzbado desarrolla desde hace m\u00e1s de una d\u00e9cada un conjunto de acciones y experiencias participativas y vinculadas a la educaci\u00f3n y a la concienciaci\u00f3n medioambiental con una clara vocaci\u00f3n de cambio y de transformaci\u00f3n de nuestro entorno local y global. En las pr\u00f3ximas l\u00edneas vamos a resumir brevemente algunas de [&hellip;]<\/p>\n","protected":false},"author":1,"featured_media":0,"parent":0,"menu_order":0,"comment_status":"closed","ping_status":"closed","template":"","meta":{"saved_in_kubio":false,"footnotes":""},"class_list":["post-1169","page","type-page","status-publish","hentry"],"kubio_ai_page_context":{"short_desc":"","purpose":"general"},"_links":{"self":[{"href":"https:\/\/juzbado.es\/nuevaweb\/wp-json\/wp\/v2\/pages\/1169","targetHints":{"allow":["GET"]}}],"collection":[{"href":"https:\/\/juzbado.es\/nuevaweb\/wp-json\/wp\/v2\/pages"}],"about":[{"href":"https:\/\/juzbado.es\/nuevaweb\/wp-json\/wp\/v2\/types\/page"}],"author":[{"embeddable":true,"href":"https:\/\/juzbado.es\/nuevaweb\/wp-json\/wp\/v2\/users\/1"}],"replies":[{"embeddable":true,"href":"https:\/\/juzbado.es\/nuevaweb\/wp-json\/wp\/v2\/comments?post=1169"}],"version-history":[{"count":1,"href":"https:\/\/juzbado.es\/nuevaweb\/wp-json\/wp\/v2\/pages\/1169\/revisions"}],"predecessor-version":[{"id":1171,"href":"https:\/\/juzbado.es\/nuevaweb\/wp-json\/wp\/v2\/pages\/1169\/revisions\/1171"}],"wp:attachment":[{"href":"https:\/\/juzbado.es\/nuevaweb\/wp-json\/wp\/v2\/media?parent=1169"}],"curies":[{"name":"wp","href":"https:\/\/api.w.org\/{rel}","templated":true}]}}