{"id":1178,"date":"2025-02-28T13:18:16","date_gmt":"2025-02-28T12:18:16","guid":{"rendered":"http:\/\/juzbado.es\/nuevaweb\/?page_id=1178"},"modified":"2025-02-28T13:20:36","modified_gmt":"2025-02-28T12:20:36","slug":"ayuntamiento","status":"publish","type":"page","link":"https:\/\/juzbado.es\/nuevaweb\/ayuntamiento\/","title":{"rendered":"Ayuntamiento"},"content":{"rendered":"\n<h3 class=\"wp-block-heading\">AYUNTAMIENTO<\/h3>\n\n\n\n<p><strong>\u00d3rganos de Gobierno:&nbsp;<\/strong><\/p>\n\n\n\n<figure class=\"wp-block-image size-full\"><img loading=\"lazy\" decoding=\"async\" width=\"623\" height=\"385\" src=\"http:\/\/juzbado.es\/nuevaweb\/wp-content\/uploads\/2025\/02\/FERNANDO-RUBIO-DE-LA-IGLESIA-JUZBADO.jpg\" alt=\"\" class=\"wp-image-1179\" srcset=\"https:\/\/juzbado.es\/nuevaweb\/wp-content\/uploads\/2025\/02\/FERNANDO-RUBIO-DE-LA-IGLESIA-JUZBADO.jpg 623w, https:\/\/juzbado.es\/nuevaweb\/wp-content\/uploads\/2025\/02\/FERNANDO-RUBIO-DE-LA-IGLESIA-JUZBADO-300x185.jpg 300w\" sizes=\"(max-width: 623px) 100vw, 623px\" \/><figcaption class=\"wp-element-caption\"><sub>Fernando Rubio con Ida Vitale en la Pe\u00f1a del Castillo<\/sub><\/figcaption><\/figure>\n\n\n\n<p class=\"has-text-align-left\"><strong>Concejales y concejalas:&nbsp;<\/strong><\/p>\n\n\n\n<p class=\"has-text-align-left\">Fernando Rubio de la Iglesia (Alcalde)<\/p>\n\n\n\n<p class=\"has-text-align-left\">Alberto Pilo P\u00e9rez (Teniente de alcalde)<\/p>\n\n\n\n<p class=\"has-text-align-left\">Mariano Dom\u00ednguez Muro<\/p>\n\n\n\n<p class=\"has-text-align-left\">Ana Isabel Gonz\u00e1lez Mart\u00ednez<\/p>\n\n\n\n<p class=\"has-text-align-left\">Martina Andr\u00e9s Ciudad<\/p>\n\n\n\n<p><\/p>\n\n\n\n<p><\/p>\n\n\n\n<div class=\"wp-block-media-text is-stacked-on-mobile\" style=\"grid-template-columns:25% auto\"><figure class=\"wp-block-media-text__media\"><img loading=\"lazy\" decoding=\"async\" width=\"211\" height=\"211\" src=\"http:\/\/juzbado.es\/nuevaweb\/wp-content\/uploads\/2025\/02\/SECRETARIA-CARTEL-HORARIO-FEBRERO-2025.jpg\" alt=\"\" class=\"wp-image-1180 size-full\" srcset=\"https:\/\/juzbado.es\/nuevaweb\/wp-content\/uploads\/2025\/02\/SECRETARIA-CARTEL-HORARIO-FEBRERO-2025.jpg 211w, https:\/\/juzbado.es\/nuevaweb\/wp-content\/uploads\/2025\/02\/SECRETARIA-CARTEL-HORARIO-FEBRERO-2025-150x150.jpg 150w\" sizes=\"(max-width: 211px) 100vw, 211px\" \/><\/figure><div class=\"wp-block-media-text__content\">\n<p><strong>SECRETAR\u00cdA:<\/strong> D\u00f1a. M\u00f3nica S\u00e1nchez Corredera<\/p>\n\n\n\n<p>Horario de atenci\u00f3n al p\u00fablico:&nbsp;<strong>Lunes y jueves de 9.00 h. a 14.00 h.<\/strong>&nbsp;<\/p>\n\n\n\n<p>Tel\u00e9fono\/fax: 923 32 13 36&nbsp;<\/p>\n\n\n\n<p>Contacto correo electr\u00f3nico: juzbadoayuntamiento@juzbado.es&nbsp;<\/p>\n\n\n\n<p>Ubicaci\u00f3n: segunda planta del Ayuntamiento de Juzbado (C\/Consistorial 5)<\/p>\n<\/div><\/div>\n\n\n\n<p>&nbsp;<\/p>\n\n\n\n<div class=\"wp-block-media-text is-stacked-on-mobile\" style=\"grid-template-columns:27% auto\"><figure class=\"wp-block-media-text__media\"><img loading=\"lazy\" decoding=\"async\" width=\"226\" height=\"320\" src=\"http:\/\/juzbado.es\/nuevaweb\/wp-content\/uploads\/2025\/02\/horario-de-atencion-al-publico-juzbado-2021.jpg\" alt=\"\" class=\"wp-image-1181 size-full\" srcset=\"https:\/\/juzbado.es\/nuevaweb\/wp-content\/uploads\/2025\/02\/horario-de-atencion-al-publico-juzbado-2021.jpg 226w, https:\/\/juzbado.es\/nuevaweb\/wp-content\/uploads\/2025\/02\/horario-de-atencion-al-publico-juzbado-2021-212x300.jpg 212w\" sizes=\"(max-width: 226px) 100vw, 226px\" \/><\/figure><div class=\"wp-block-media-text__content\">\n<p><strong>OFICINA DE DESARROLLO LOCAL:<\/strong>&nbsp;Jer\u00f3nimo Jablonski&nbsp;<\/p>\n\n\n\n<p>Horario de atenci\u00f3n al p\u00fablico: de lunes a viernes de 10:30 h. a 14.00 h.&nbsp;<\/p>\n\n\n\n<p>Contacto correo electr\u00f3nico: juzbadolibroabierto@juzbado.es&nbsp;<\/p>\n\n\n\n<p>Ubicaci\u00f3n: segunda planta del Ayuntamiento de Juzbado (C\/Consistorial 5)<\/p>\n<\/div><\/div>\n\n\n\n<div class=\"wp-block-group is-vertical is-layout-flex wp-container-core-group-is-layout-fe9cc265 wp-block-group-is-layout-flex\">\n<p><\/p>\n\n\n\n<p>C\u00f3d. INE: 37167 &#8211; C\u00f3d. MAP: 01371670&nbsp;<\/p>\n\n\n\n<p>Distancia a la capital: 24 Km. por la SA-300&nbsp;<\/p>\n\n\n\n<p>Altitud: 796 m.&nbsp;<\/p>\n\n\n\n<p>Cod. Postal: 37115&nbsp;<\/p>\n\n\n\n<p>Fiestas Locales 2021: 29 de septiembre y 1 de octubre&nbsp;<\/p>\n\n\n\n<p>Partido Judicial: Salamanca&nbsp;<\/p>\n\n\n\n<p>Junta Electoral: Salamanca&nbsp;<\/p>\n\n\n\n<p>Mancomunidad:&nbsp;<a href=\"https:\/\/www.mancomunidaddeledesma.com\/\" target=\"_blank\" rel=\"noreferrer noopener\">Comarca de Ledesma&nbsp;<\/a><\/p>\n\n\n\n<p>C.E.A.S:&nbsp;<a href=\"http:\/\/www.lasalina.es\/Aplicaciones\/GestorInter.jsp?prestacion=Cipublico&amp;funcion=MuestraInformacionCeas0&amp;codCeas=6\" target=\"_blank\" rel=\"noreferrer noopener\">Ledesma<\/a>&nbsp;<\/p>\n<\/div>\n\n\n\n<p><\/p>\n\n\n\n<div class=\"wp-block-group is-vertical is-layout-flex wp-container-core-group-is-layout-fe9cc265 wp-block-group-is-layout-flex\">\n<p><strong>El Municipio de Juzbado ha recibido los siguientes reconocimientos:&nbsp;<\/strong><\/p>\n\n\n\n<p>Premio Mar\u00eda Moliner 2023, 2020 y 2016<\/p>\n\n\n\n<p>Premio Ones Mediterr\u00e1nea 2015&nbsp;<\/p>\n\n\n\n<p>Premio Biblioteca P\u00fablica y Compromiso Social 2015&nbsp;<\/p>\n\n\n\n<p>Premio Fuentes Claras 2014&nbsp;<\/p>\n\n\n\n<p>Premio Care 2011<\/p>\n<\/div>\n","protected":false},"excerpt":{"rendered":"<p>AYUNTAMIENTO \u00d3rganos de Gobierno:&nbsp; Concejales y concejalas:&nbsp; Fernando Rubio de la Iglesia (Alcalde) Alberto Pilo P\u00e9rez (Teniente de alcalde) Mariano Dom\u00ednguez Muro Ana Isabel Gonz\u00e1lez Mart\u00ednez Martina Andr\u00e9s Ciudad SECRETAR\u00cdA: D\u00f1a. M\u00f3nica S\u00e1nchez Corredera Horario de atenci\u00f3n al p\u00fablico:&nbsp;Lunes y jueves de 9.00 h. a 14.00 h.&nbsp; Tel\u00e9fono\/fax: 923 32 13 36&nbsp; Contacto correo electr\u00f3nico: [&hellip;]<\/p>\n","protected":false},"author":1,"featured_media":0,"parent":0,"menu_order":0,"comment_status":"closed","ping_status":"closed","template":"","meta":{"saved_in_kubio":true,"footnotes":""},"class_list":["post-1178","page","type-page","status-publish","hentry"],"kubio_ai_page_context":{"short_desc":"","purpose":"general"},"_links":{"self":[{"href":"https:\/\/juzbado.es\/nuevaweb\/wp-json\/wp\/v2\/pages\/1178","targetHints":{"allow":["GET"]}}],"collection":[{"href":"https:\/\/juzbado.es\/nuevaweb\/wp-json\/wp\/v2\/pages"}],"about":[{"href":"https:\/\/juzbado.es\/nuevaweb\/wp-json\/wp\/v2\/types\/page"}],"author":[{"embeddable":true,"href":"https:\/\/juzbado.es\/nuevaweb\/wp-json\/wp\/v2\/users\/1"}],"replies":[{"embeddable":true,"href":"https:\/\/juzbado.es\/nuevaweb\/wp-json\/wp\/v2\/comments?post=1178"}],"version-history":[{"count":3,"href":"https:\/\/juzbado.es\/nuevaweb\/wp-json\/wp\/v2\/pages\/1178\/revisions"}],"predecessor-version":[{"id":1185,"href":"https:\/\/juzbado.es\/nuevaweb\/wp-json\/wp\/v2\/pages\/1178\/revisions\/1185"}],"wp:attachment":[{"href":"https:\/\/juzbado.es\/nuevaweb\/wp-json\/wp\/v2\/media?parent=1178"}],"curies":[{"name":"wp","href":"https:\/\/api.w.org\/{rel}","templated":true}]}}