{"id":1199,"date":"2025-03-06T10:57:12","date_gmt":"2025-03-06T09:57:12","guid":{"rendered":"http:\/\/juzbado.es\/nuevaweb\/?page_id=1199"},"modified":"2025-03-14T09:49:42","modified_gmt":"2025-03-14T08:49:42","slug":"ordenanzas","status":"publish","type":"page","link":"https:\/\/juzbado.es\/nuevaweb\/ordenanzas\/","title":{"rendered":"ORDENANZAS"},"content":{"rendered":"\n<h3 class=\"wp-block-heading\">ORDENANZAS<\/h3>\n\n\n\n<p><a href=\"https:\/\/drive.google.com\/file\/d\/1IjuO891luCxp8As08U_ItAlmtXgnyEVt\/view?usp=sharing\">ORDENANZA ALCANTARILLADO Y TRATAMIENTO Y DEPURACI\u00d3N DE AGUAS RESIDUALES<\/a><\/p>\n\n\n\n<p><a href=\"https:\/\/drive.google.com\/file\/d\/1YM0bVpkVzKef7XpTse2rZ9sWXo3lnr_y\/view?usp=sharing\" target=\"_blank\" rel=\"noreferrer noopener\">MODIFICACI\u00d3N ORDENANZA FISCAL REGULADORA DEL IMPUESTO<br>SOBRE CONSTRUCCIONES, INSTALACIONES Y OBRAS<br>DEL MUNICIPIO DE JUZBADO<\/a><\/p>\n\n\n\n<p><a href=\"https:\/\/drive.google.com\/file\/d\/1ngMNhE2ttsz844aBC9r0y5B3aQaLIaN_\/view?usp=sharing\">ORDENANZA IBIU<\/a><\/p>\n\n\n\n<p><a href=\"https:\/\/drive.google.com\/file\/d\/10WJtbglqJDd_w7joN2d8WTMks8_HcWc6\/view?usp=sharing\">ORDENANZA LIMPIEZA Y VALLADO DE SOLARES<\/a><\/p>\n\n\n\n<p><a href=\"https:\/\/drive.google.com\/file\/d\/1Lup0oAjFc3loZltIalGGmL8HfwHw8Gg7\/view?usp=sharing\">ORDENANZA MUNICIPAL DE CONVIVENCIA Y PROTECCI\u00d3N DE BIENES E INSTALACIONES P\u00daBLICAS Y PRIVADAS<\/a><\/p>\n\n\n\n<p><a href=\"https:\/\/drive.google.com\/file\/d\/1wV09_cO5FlfzVdKUwOlYjUOmqwgyhWgI\/view?usp=sharing\">ORDENANZA REGULADORA DE LA LIMITACI\u00d3N DE VELOCIDAD Y TONELAJE EN EL MUNICIPIO DE&nbsp;&nbsp;JUZBADO<\/a><\/p>\n\n\n\n<p><a href=\"https:\/\/drive.google.com\/file\/d\/1aWqi9e9YdVJe7jXMuGK6EDF5RVSgTS1i\/view?usp=sharing\">ORDENANZA REGULADORA DE LA TASA POR RECOGIDA DE BASURAS Y RESIDUOS S\u00d3LIDOS URBANOS<\/a><\/p>\n\n\n\n<p><a href=\"https:\/\/drive.google.com\/file\/d\/14djZokj-jHzmblOygHp0F-Pc5eNpOb2q\/view?usp=sharing\">ORDENANZA TARIFAS Y PRODUCTOS MUSEO DE LA FALLA JUZBADO<\/a><\/p>\n\n\n\n<p><a href=\"https:\/\/drive.google.com\/file\/d\/13ekFTAoyb1pY6loT4Q95oSrvLA5JKAmd\/view?usp=sharing\">ORDENANZA TASA AGUA JUZBADO<\/a><\/p>\n\n\n\n<p><a href=\"https:\/\/drive.google.com\/file\/d\/1f6dFPyStDLa4dWQwrSPQbC1QYB7z-lC7\/view?usp=sharing\">REGLAMENTO DEL SERVICIO DE ABASTECIMIENTO DE AGUA POTABLE JUZBADO<\/a><\/p>\n\n\n\n<p><a href=\"https:\/\/drive.google.com\/file\/d\/1pRfJV1JxSm-twGxTRXTdIT1AequIjh6Z\/view?usp=sharing\" target=\"_blank\" rel=\"noreferrer noopener\">ORDENANZA MUNICIPAL REGULADORA DE LAS CONDICIONES EST\u00c9TICAS DE LAS EDIFICACIONES DEL MUNICIPIO DE JUZBADO<\/a><\/p>\n\n\n\n<p><a href=\"https:\/\/drive.google.com\/file\/d\/1wAs134w18SkwXbaJXIiuncR-h4a6urtf\/view?usp=sharing\" target=\"_blank\" rel=\"noreferrer noopener\">ORDENANZA MUNICIPAL REGULADORA DE LAS CONDICIONIES DE UTILIZACI\u00d3NDE&nbsp; LOS PUNTOS DE COMPOSTAJE DOM\u00c9STICO Y COMUNITARIO DE JUZBADO<\/a><\/p>\n","protected":false},"excerpt":{"rendered":"<p>ORDENANZAS ORDENANZA ALCANTARILLADO Y TRATAMIENTO Y DEPURACI\u00d3N DE AGUAS RESIDUALES MODIFICACI\u00d3N ORDENANZA FISCAL REGULADORA DEL IMPUESTOSOBRE CONSTRUCCIONES, INSTALACIONES Y OBRASDEL MUNICIPIO DE JUZBADO ORDENANZA IBIU ORDENANZA LIMPIEZA Y VALLADO DE SOLARES ORDENANZA MUNICIPAL DE CONVIVENCIA Y PROTECCI\u00d3N DE BIENES E INSTALACIONES P\u00daBLICAS Y PRIVADAS ORDENANZA REGULADORA DE LA LIMITACI\u00d3N DE VELOCIDAD Y TONELAJE EN EL [&hellip;]<\/p>\n","protected":false},"author":1,"featured_media":0,"parent":0,"menu_order":0,"comment_status":"closed","ping_status":"closed","template":"","meta":{"saved_in_kubio":false,"footnotes":""},"class_list":["post-1199","page","type-page","status-publish","hentry"],"kubio_ai_page_context":{"short_desc":"","purpose":"general"},"_links":{"self":[{"href":"https:\/\/juzbado.es\/nuevaweb\/wp-json\/wp\/v2\/pages\/1199","targetHints":{"allow":["GET"]}}],"collection":[{"href":"https:\/\/juzbado.es\/nuevaweb\/wp-json\/wp\/v2\/pages"}],"about":[{"href":"https:\/\/juzbado.es\/nuevaweb\/wp-json\/wp\/v2\/types\/page"}],"author":[{"embeddable":true,"href":"https:\/\/juzbado.es\/nuevaweb\/wp-json\/wp\/v2\/users\/1"}],"replies":[{"embeddable":true,"href":"https:\/\/juzbado.es\/nuevaweb\/wp-json\/wp\/v2\/comments?post=1199"}],"version-history":[{"count":3,"href":"https:\/\/juzbado.es\/nuevaweb\/wp-json\/wp\/v2\/pages\/1199\/revisions"}],"predecessor-version":[{"id":1390,"href":"https:\/\/juzbado.es\/nuevaweb\/wp-json\/wp\/v2\/pages\/1199\/revisions\/1390"}],"wp:attachment":[{"href":"https:\/\/juzbado.es\/nuevaweb\/wp-json\/wp\/v2\/media?parent=1199"}],"curies":[{"name":"wp","href":"https:\/\/api.w.org\/{rel}","templated":true}]}}