{"id":1210,"date":"2025-03-06T11:10:29","date_gmt":"2025-03-06T10:10:29","guid":{"rendered":"http:\/\/juzbado.es\/nuevaweb\/?page_id=1210"},"modified":"2025-03-06T11:10:29","modified_gmt":"2025-03-06T10:10:29","slug":"centro-botanico","status":"publish","type":"page","link":"https:\/\/juzbado.es\/nuevaweb\/centro-botanico\/","title":{"rendered":"CENTRO BOT\u00c1NICO"},"content":{"rendered":"\n<h3 class=\"wp-block-heading\">C. BOT\u00c1NICO<\/h3>\n\n\n\n<p>El Centro Bot\u00e1nico de Juzbado&nbsp;se ubica en&nbsp;la antigua ermita de San Miguel, un edificio datado en 1775 y que ha sido recientemente restaurado.&nbsp; En este edificio se pueden visitar colecciones y exhibiciones temporales a lo largo del a\u00f1o.<\/p>\n\n\n\n<figure class=\"wp-block-image aligncenter size-full\"><img loading=\"lazy\" decoding=\"async\" width=\"478\" height=\"640\" src=\"http:\/\/juzbado.es\/nuevaweb\/wp-content\/uploads\/2025\/03\/Sin-titulo-2.png\" alt=\"\" class=\"wp-image-1211\" srcset=\"https:\/\/juzbado.es\/nuevaweb\/wp-content\/uploads\/2025\/03\/Sin-titulo-2.png 478w, https:\/\/juzbado.es\/nuevaweb\/wp-content\/uploads\/2025\/03\/Sin-titulo-2-224x300.png 224w\" sizes=\"(max-width: 478px) 100vw, 478px\" \/><\/figure>\n\n\n\n<p>Actualmente se puede visitar&nbsp;la Exposici\u00f3n&nbsp;<strong>\u00abIlustrando la ciencia: dibujos para reflexionar\u00bb&nbsp;<\/strong>compuesta por&nbsp;m\u00e1s de 60 obras de Fernando Krahn (Santiago de Chile 1935, Barcelona 2010) .&nbsp; La exposici\u00f3n nos propone un viaje a trav\u00e9s de la ciencia y la creatividad de la abultada obra del genial artista chileno.<\/p>\n\n\n\n<p>Las im\u00e1genes son una poderosa herramienta de comunicaci\u00f3n, pero en el caso de las ilustraciones de prensa, adem\u00e1s, son algo m\u00e1s que un apoyo al texto, tienen una lectura en s\u00ed mismas y tienen la virtud de contar una historia en un golpe de vista. As\u00ed define la obra de Fernando Krahn, el comisariado del Departamento de Museos, Exposiciones y Documentaci\u00f3n de la Fundaci\u00f3n Ciuden y Recicladora Cultural.&nbsp; Una exposici\u00f3n de ilustraciones a medio camino entre el c\u00f3mic, la obra de arte y el alarde de escribir.&nbsp; Las ilustraciones de Krahn nos invitan a re\ufb02exionar y se convierten en una respuesta a la necesidad de contar, de un modo e\ufb01caz, historias dif\u00edciles por sus tem\u00e1ticas o procesos de investigaci\u00f3n.<\/p>\n\n\n\n<p>Tanto los temas como la visi\u00f3n de Krahn han demostrado ser atemporales, de ah\u00ed que sigan siendo una importante herramienta que invitar\u00e1 a re\ufb02exionar a los visitantes y nos permitir\u00e1 crear conciencia sobre muchos de los problemas medioambientales que hoy nos preocupan como sociedad.<\/p>\n\n\n\n<p>Las tem\u00e1ticas tratadas por Krahn son siempre innovadoras e interesantes, en el caso de las ilustraciones originales recogidas en la Colecci\u00f3n Ciuden provenientes de multitud de reportajes de ciencia y tecnolog\u00eda, podemos establecer dos grandes categor\u00edas que ser\u00e1n las que vertebren tanto el guion museol\u00f3gico como el recorrido en la sala de exposiciones: problemas ambientales y ciencia y tecnolog\u00eda.<\/p>\n\n\n\n<p>La exposici\u00f3n est\u00e1 coordinada por&nbsp;<a href=\"https:\/\/larecicladoracultural.es\/la-recicladora-cultural\/\" target=\"_blank\" rel=\"noreferrer noopener\">La Recicladora Cultural<\/a>&nbsp;a trav\u00e9s de la&nbsp;<a href=\"https:\/\/ciuden.es\/\" target=\"_blank\" rel=\"noreferrer noopener\">Fundaci\u00f3n de la Energ\u00eda (CIUDEN)<\/a>&nbsp;del&nbsp;<a href=\"https:\/\/www.miteco.gob.es\/\" target=\"_blank\" rel=\"noreferrer noopener\">Ministerio para la Transici\u00f3n Ecol\u00f3gica y el Reto Demogr\u00e1fico del Gobierno de Espa\u00f1a<\/a>.&nbsp; Estar\u00e1 disponible para todos los juzbadinos y visitantes hasta final de a\u00f1o.<\/p>\n\n\n\n<p>M\u00e1s informaci\u00f3n sobre la obra de Fernando Krahn en:&nbsp;<a href=\"https:\/\/larecicladoracultural.es\/exposicion\/fernando-krahn-dibujos-para-reflexionar-exposicion-de-ilustraciones\/\" target=\"_blank\" rel=\"noreferrer noopener\">https:\/\/larecicladoracultural.es\/exposicion\/fernando-krahn-dibujos-para-reflexionar-exposicion-de-ilustraciones\/<\/a><\/p>\n\n\n\n<p><\/p>\n\n\n\n<p><strong>VISITAS Y HORARIOS:<\/strong><\/p>\n\n\n\n<p><strong>LOCALIZACI\u00d3N: Ermita multiusos Juzbado&nbsp; (<a href=\"https:\/\/g.co\/kgs\/wgNKtE3\" target=\"_blank\" rel=\"noreferrer noopener\">Traves\u00eda Juan Bustos 1,37115 Juzbado, Salamanca<\/a>)<\/strong><\/p>\n\n\n\n<p><strong>HORARIOS: Jueves, viernes, s\u00e1bado y domingo de 11:00 h a 14:00 h.<\/strong><\/p>\n\n\n\n<p><strong>Para visitas de grupos o fuera de horario contactar en:&nbsp;<a href=\"mailto:juzbadolibroabierto@juzbado.es\" target=\"_blank\" rel=\"noreferrer noopener\">juzbadolibroabierto@juzbado.es<\/a><\/strong><\/p>\n","protected":false},"excerpt":{"rendered":"<p>C. BOT\u00c1NICO El Centro Bot\u00e1nico de Juzbado&nbsp;se ubica en&nbsp;la antigua ermita de San Miguel, un edificio datado en 1775 y que ha sido recientemente restaurado.&nbsp; En este edificio se pueden visitar colecciones y exhibiciones temporales a lo largo del a\u00f1o. Actualmente se puede visitar&nbsp;la Exposici\u00f3n&nbsp;\u00abIlustrando la ciencia: dibujos para reflexionar\u00bb&nbsp;compuesta por&nbsp;m\u00e1s de 60 obras de [&hellip;]<\/p>\n","protected":false},"author":1,"featured_media":0,"parent":0,"menu_order":0,"comment_status":"closed","ping_status":"closed","template":"","meta":{"saved_in_kubio":false,"footnotes":""},"class_list":["post-1210","page","type-page","status-publish","hentry"],"kubio_ai_page_context":{"short_desc":"","purpose":"general"},"_links":{"self":[{"href":"https:\/\/juzbado.es\/nuevaweb\/wp-json\/wp\/v2\/pages\/1210","targetHints":{"allow":["GET"]}}],"collection":[{"href":"https:\/\/juzbado.es\/nuevaweb\/wp-json\/wp\/v2\/pages"}],"about":[{"href":"https:\/\/juzbado.es\/nuevaweb\/wp-json\/wp\/v2\/types\/page"}],"author":[{"embeddable":true,"href":"https:\/\/juzbado.es\/nuevaweb\/wp-json\/wp\/v2\/users\/1"}],"replies":[{"embeddable":true,"href":"https:\/\/juzbado.es\/nuevaweb\/wp-json\/wp\/v2\/comments?post=1210"}],"version-history":[{"count":1,"href":"https:\/\/juzbado.es\/nuevaweb\/wp-json\/wp\/v2\/pages\/1210\/revisions"}],"predecessor-version":[{"id":1212,"href":"https:\/\/juzbado.es\/nuevaweb\/wp-json\/wp\/v2\/pages\/1210\/revisions\/1212"}],"wp:attachment":[{"href":"https:\/\/juzbado.es\/nuevaweb\/wp-json\/wp\/v2\/media?parent=1210"}],"curies":[{"name":"wp","href":"https:\/\/api.w.org\/{rel}","templated":true}]}}