{"id":1213,"date":"2025-03-06T11:13:53","date_gmt":"2025-03-06T10:13:53","guid":{"rendered":"http:\/\/juzbado.es\/nuevaweb\/?page_id=1213"},"modified":"2025-03-06T11:16:38","modified_gmt":"2025-03-06T10:16:38","slug":"asociaciones-2","status":"publish","type":"page","link":"https:\/\/juzbado.es\/nuevaweb\/asociaciones-2\/","title":{"rendered":"ASOCIACIONES"},"content":{"rendered":"\n<h3 class=\"wp-block-heading\">ASOCIACIONES<\/h3>\n\n\n\n<p>La&nbsp;<strong>Asociaci\u00f3n de Mayores San Miguel Arc\u00e1ngel&nbsp;<\/strong>fue&nbsp;fundada en el a\u00f1o 1991&nbsp;con un&nbsp; n\u00famero de 87 socios. En la actualidad cuenta con m\u00e1s de 100 socios.<br><br>La actual&nbsp;<strong>Junta Directiva<\/strong>&nbsp;est\u00e1 formada por los siguientes miembros:<br><br>Presidente:&nbsp;Faustino Iglesias Perez<br>Vicepresidente:&nbsp;Francisco G\u00f3mez Fern\u00e1ndez&nbsp;<br>Secretaria: M\u00aa Jos\u00e9 Recio&nbsp; P\u00e9rez<br>Tesorero:&nbsp;Mariano Rodr\u00edguez<br>Vocal:&nbsp;Rosa Mar\u00eda Borrego Mart\u00edn<br>Vocal:&nbsp;Carmen Mart\u00edn Bermejo<br><br>A lo largo de los a\u00f1os que lleva funcionando, ha realizado&nbsp;<strong>actividades<\/strong>&nbsp;como las siguientes:<\/p>\n\n\n\n<ul class=\"wp-block-list\">\n<li>Pintura y manualidades.<\/li>\n\n\n\n<li><a href=\"https:\/\/juzbado.blogspot.com\/2021\/08\/grupos-burbuja-para-el-depende-de-ti.html\" target=\"_blank\" rel=\"noreferrer noopener\">Gimnasia y mantenimiento<\/a>.<\/li>\n\n\n\n<li>Charlas sobre salud y bienestar.<\/li>\n\n\n\n<li>Charlas sobre temas de actualidad, igualdad y nuevas tecnolog\u00edas.<\/li>\n\n\n\n<li><a href=\"https:\/\/juzbado.blogspot.com\/2018\/07\/nuestros-mayores-en-ledesma.html\" target=\"_blank\" rel=\"noreferrer noopener\">Excursiones y salidas<\/a>.<\/li>\n\n\n\n<li><a href=\"https:\/\/juzbado.blogspot.com\/2018\/04\/la-asociacion-de-mayores-reune-los.html\" target=\"_blank\" rel=\"noreferrer noopener\">Cocido tradicional<\/a>&nbsp;para todo el pueblo.&nbsp;<\/li>\n\n\n\n<li><a href=\"https:\/\/juzbado.blogspot.com\/2019\/01\/los-vecinos-de-juzbado-son-solidarios.html\" target=\"_blank\" rel=\"noreferrer noopener\">Campa\u00f1as solidarias<\/a>.<\/li>\n\n\n\n<li>Programa&nbsp;<a href=\"http:\/\/www.lasalina.es\/bienestarsocial\/mayoresdiscapacidad\/envejecimientoactivo\/\" target=\"_blank\" rel=\"noreferrer noopener\">Depende de ti<\/a>&nbsp;de la Diputaci\u00f3n de Salamanca.<\/li>\n\n\n\n<li><a href=\"https:\/\/juzbado.blogspot.com\/2018\/07\/dia-de-los-abuelos-2018.html\" target=\"_blank\" rel=\"noreferrer noopener\">D\u00eda de los Abuelos<\/a>&nbsp;(26 de Julio).<\/li>\n<\/ul>\n\n\n\n<p>Para poder realizar las distintas actividades, la Asociaci\u00f3n cuenta con los siguientes&nbsp;<strong>recursos econ\u00f3micos<\/strong>:<\/p>\n\n\n\n<ul class=\"wp-block-list\">\n<li>Subvenciones&nbsp;de organismos como la Diputaci\u00f3n o la Junta de Castilla y Le\u00f3n<\/li>\n\n\n\n<li>Ayudas del Ayuntamiento de Juzbado<\/li>\n\n\n\n<li>Fondos de la propia Asociaci\u00f3n a trav\u00e9s de las cuotas.<\/li>\n<\/ul>\n\n\n\n<p>La&nbsp;<a href=\"https:\/\/juzbado.blogspot.com\/2018\/09\/fiestas-de-los-mayores-2018.html\" target=\"_blank\" rel=\"noreferrer noopener\">Fiesta de la Asociaci\u00f3n<\/a>, que en un principio se celebraba el 30 de septiembre, se ha trasladado en la actualidad al domingo anterior al 29 de septiembre, festividad de San Miguel. Los&nbsp;<strong>actos de la fiesta<\/strong>&nbsp;son los siguientes: Misa, vino de honor para todo el pueblo, en el que se hace entrega de una placa a los dos socios de m\u00e1s edad y se homenajea a los socios que celebran las bodas de oro.&nbsp; Tambi\u00e9n se hace entrega de los trofeos a los campeones de los juegos de mesa.&nbsp; Bailes charros y un espect\u00e1culo teatral para terminar.<br><strong><br>E-mail de contacto: amsanmigueldejuzbado@gmail.com<\/strong><\/p>\n\n\n\n<p><\/p>\n\n\n\n<hr class=\"wp-block-separator has-alpha-channel-opacity is-style-wide\"\/>\n\n\n\n<p><br>La&nbsp;<strong>Asociaci\u00f3n de Mujeres de Juzbado&nbsp;<\/strong>est\u00e1 presidida por<strong>:<\/strong>&nbsp;<br><br>Presidenta: Roc\u00edo Matilla<br>Vicepresidenta: Maritere P\u00e9rez<br>Secretaria: Elena Melero<br>Tesorera: Maricarmen Marcos<br>Vocal:&nbsp;Sonsoles P\u00e9rez<br><br>Se funda en el a\u00f1o 1999 y desde entonces desarrolla actividades de diversa naturaleza.&nbsp; Celebra la&nbsp;<strong>festividad de Santa \u00c1gueda<\/strong>&nbsp;el 5 de Febrero, con una Misa, una&nbsp;<a href=\"https:\/\/juzbado.blogspot.com\/2018\/02\/las-aguedas-de-juzbado.html\" target=\"_blank\" rel=\"noreferrer noopener\">comida para todo el vecindario<\/a>&nbsp;y un baile con tamborilero.&nbsp; Tambi\u00e9n convoca a todas las mujeres una vez al a\u00f1o para participar en una&nbsp;<strong>excursi\u00f3n cultural<\/strong>.&nbsp;<a href=\"https:\/\/juzbado.blogspot.com\/2017\/03\/45-mujeres-juzbadinas-visitan-madrid.html\" target=\"_blank\" rel=\"noreferrer noopener\">Han visitado Madrid<\/a>&nbsp;en numerosas ocasiones, Asturias, Galicia,&nbsp;Portugal o diversos puntos de la geograf\u00eda Castellano Leonesa. En verano organizan tambi\u00e9n una comida&nbsp;para&nbsp;sus socias.&nbsp;&nbsp;<br><br>La Asociaci\u00f3n de Mujeres conmemora el&nbsp;<a href=\"https:\/\/juzbado.blogspot.com\/2020\/03\/la-asociacion-de-mujeres-secunda-el-8.html\" target=\"_blank\" rel=\"noreferrer noopener\">8 de Marzo<\/a>&nbsp;(D\u00eda Internacional de la Mujer trabajadora) y tambi\u00e9n&nbsp;<a href=\"https:\/\/juzbado.blogspot.com\/2018\/11\/la-asociacion-de-mujeres-contra-la.html\" target=\"_blank\" rel=\"noreferrer noopener\">convoca actos<\/a>&nbsp;para denunciar la violencia de g\u00e9nero (el 25 de Noviembre se celebra el&nbsp;D\u00eda Internacional de la Eliminaci\u00f3n de la Violencia contra la Mujer)<br><br>Cabe destacar la formaci\u00f3n del grupo de bailes charros de Juzbado al calor de esta asociaci\u00f3n y que, con&nbsp;el soporte del Ayuntamiento de Juzbado,&nbsp;lleva desde el a\u00f1o 2008 ensayando y tocando bailes tradicionales.&nbsp; Actualmente el grupo organiza los encuentros folcl\u00f3ricos internacionales de Juzbado durante las fiestas patronales.&nbsp; La asociaci\u00f3n la conforman en la actualidad 46 socias.<br><br><strong>E-mail de contacto:&nbsp;asociaciondelmujeresdejuzbado@gmail.com<\/strong><\/p>\n","protected":false},"excerpt":{"rendered":"<p>ASOCIACIONES La&nbsp;Asociaci\u00f3n de Mayores San Miguel Arc\u00e1ngel&nbsp;fue&nbsp;fundada en el a\u00f1o 1991&nbsp;con un&nbsp; n\u00famero de 87 socios. En la actualidad cuenta con m\u00e1s de 100 socios. La actual&nbsp;Junta Directiva&nbsp;est\u00e1 formada por los siguientes miembros: Presidente:&nbsp;Faustino Iglesias PerezVicepresidente:&nbsp;Francisco G\u00f3mez Fern\u00e1ndez&nbsp;Secretaria: M\u00aa Jos\u00e9 Recio&nbsp; P\u00e9rezTesorero:&nbsp;Mariano Rodr\u00edguezVocal:&nbsp;Rosa Mar\u00eda Borrego Mart\u00ednVocal:&nbsp;Carmen Mart\u00edn Bermejo A lo largo de los a\u00f1os que [&hellip;]<\/p>\n","protected":false},"author":1,"featured_media":0,"parent":0,"menu_order":0,"comment_status":"closed","ping_status":"closed","template":"","meta":{"saved_in_kubio":false,"footnotes":""},"class_list":["post-1213","page","type-page","status-publish","hentry"],"kubio_ai_page_context":{"short_desc":"","purpose":"general"},"_links":{"self":[{"href":"https:\/\/juzbado.es\/nuevaweb\/wp-json\/wp\/v2\/pages\/1213","targetHints":{"allow":["GET"]}}],"collection":[{"href":"https:\/\/juzbado.es\/nuevaweb\/wp-json\/wp\/v2\/pages"}],"about":[{"href":"https:\/\/juzbado.es\/nuevaweb\/wp-json\/wp\/v2\/types\/page"}],"author":[{"embeddable":true,"href":"https:\/\/juzbado.es\/nuevaweb\/wp-json\/wp\/v2\/users\/1"}],"replies":[{"embeddable":true,"href":"https:\/\/juzbado.es\/nuevaweb\/wp-json\/wp\/v2\/comments?post=1213"}],"version-history":[{"count":3,"href":"https:\/\/juzbado.es\/nuevaweb\/wp-json\/wp\/v2\/pages\/1213\/revisions"}],"predecessor-version":[{"id":1217,"href":"https:\/\/juzbado.es\/nuevaweb\/wp-json\/wp\/v2\/pages\/1213\/revisions\/1217"}],"wp:attachment":[{"href":"https:\/\/juzbado.es\/nuevaweb\/wp-json\/wp\/v2\/media?parent=1213"}],"curies":[{"name":"wp","href":"https:\/\/api.w.org\/{rel}","templated":true}]}}