{"id":1245,"date":"2025-03-06T12:13:47","date_gmt":"2025-03-06T11:13:47","guid":{"rendered":"http:\/\/juzbado.es\/nuevaweb\/?page_id=1245"},"modified":"2025-03-06T12:13:47","modified_gmt":"2025-03-06T11:13:47","slug":"empresas","status":"publish","type":"page","link":"https:\/\/juzbado.es\/nuevaweb\/empresas\/","title":{"rendered":"EMPRESAS"},"content":{"rendered":"\n<h3 class=\"wp-block-heading\">EMPRESAS<\/h3>\n\n\n\n<p><strong>BAR-RESTAURANTE EL TORAL<\/strong><\/p>\n\n\n\n<p>Pinchos&nbsp;a la plancha, parrilladas de carne,&nbsp;paellas por encargo, men\u00fa del d\u00eda.<br>Abierto todos los d\u00edas excepto los lunes<br>Tel\u00e9fono: 620 01 90 83 (Lourdes Garc\u00eda&nbsp;Pacheco)<br>Mail:&nbsp;luligar@hotmail.es<br><a href=\"https:\/\/twitter.com\/luligarpa\" target=\"_blank\" rel=\"noreferrer noopener\">@luligarpa<\/a>&nbsp;<\/p>\n\n\n\n<figure class=\"wp-block-image\"><a href=\"https:\/\/blogger.googleusercontent.com\/img\/b\/R29vZ2xl\/AVvXsEhkeNiB_n4ck5HEIZvu2sP8a2xEunpasSSTBrDvQtKm0IxJzE3wGEAeGJvctyn8j3pJMsNzZ3ze_Sgd-TrbVNydORdPOF8niSd92Um-QybZ_RLCJk4vEyc5Q0-jP1whEVVexMP_ky1_kmA\/s1600\/bar+de+lourdes+juzbado.png\"><img decoding=\"async\" src=\"https:\/\/blogger.googleusercontent.com\/img\/b\/R29vZ2xl\/AVvXsEhkeNiB_n4ck5HEIZvu2sP8a2xEunpasSSTBrDvQtKm0IxJzE3wGEAeGJvctyn8j3pJMsNzZ3ze_Sgd-TrbVNydORdPOF8niSd92Um-QybZ_RLCJk4vEyc5Q0-jP1whEVVexMP_ky1_kmA\/s400\/bar+de+lourdes+juzbado.png\" alt=\"Bar restaurante El Toral, Juzbado\" title=\"Bar restaurante El Toral, Juzbado\"\/><\/a><\/figure>\n\n\n\n<hr class=\"wp-block-separator has-alpha-channel-opacity is-style-wide\"\/>\n\n\n\n<p><strong>ALOJAMIENTOS RURALES:<\/strong><\/p>\n\n\n\n<p><strong><a href=\"http:\/\/www.laventanicadeltormes.com\/\" target=\"_blank\" rel=\"noreferrer noopener\">ALOJAMIENTO RURAL LA VENTANICA DEL TORMES<\/a><\/strong><br><br>Tel\u00e9fono: 606 30 21 52<br>E-mail: info@laventanicadeltormes.com<\/p>\n\n\n\n<figure class=\"wp-block-image\"><a href=\"https:\/\/blogger.googleusercontent.com\/img\/b\/R29vZ2xl\/AVvXsEjRD5uSOk4YXHN5ZIv0WPFam3Hs-mw-iyi1LKo7jx7RGj657oYd8yfvnNeEwpsV9RGyRT5Y4OkEsDFEy_SbJAdp7Czeaor9k1xviNX6n-AF6ZhA11-iVHc33nQJ0UV56z7VInueu00M4bs\/s2048\/ventanica+foot+2021.jpeg\"><img decoding=\"async\" src=\"https:\/\/blogger.googleusercontent.com\/img\/b\/R29vZ2xl\/AVvXsEjRD5uSOk4YXHN5ZIv0WPFam3Hs-mw-iyi1LKo7jx7RGj657oYd8yfvnNeEwpsV9RGyRT5Y4OkEsDFEy_SbJAdp7Czeaor9k1xviNX6n-AF6ZhA11-iVHc33nQJ0UV56z7VInueu00M4bs\/s320\/ventanica+foot+2021.jpeg\" alt=\"\"\/><\/a><\/figure>\n\n\n\n<p><\/p>\n\n\n\n<p><strong>ALOJAMIENTO RURAL HORTUS MVSARVM<\/strong><\/p>\n\n\n\n<p>Tel\u00e9fono: 633 52 99 88<br>E-mail: hortusmusarum@gmail.com<\/p>\n\n\n\n<figure class=\"wp-block-image\"><a href=\"https:\/\/blogger.googleusercontent.com\/img\/b\/R29vZ2xl\/AVvXsEiftEtyPMG5zujiaUq34RM9iFUhTrgHQ5w8T1zDwoqXkRAYFXfs1rLgQMXeQ4yfZOk6FdosYYwa0RCApT4KrWtynnRxrAbr0pPciuMrHhQA-SnkuKWy6nlEU1WWaSn2A3Niw2IB1_xifTw\/s1600\/hortus+musarum+juzbado+%252848%2529.jpeg\"><img decoding=\"async\" src=\"https:\/\/blogger.googleusercontent.com\/img\/b\/R29vZ2xl\/AVvXsEiftEtyPMG5zujiaUq34RM9iFUhTrgHQ5w8T1zDwoqXkRAYFXfs1rLgQMXeQ4yfZOk6FdosYYwa0RCApT4KrWtynnRxrAbr0pPciuMrHhQA-SnkuKWy6nlEU1WWaSn2A3Niw2IB1_xifTw\/s320\/hortus+musarum+juzbado+%252848%2529.jpeg\" alt=\"\"\/><\/a><\/figure>\n\n\n\n<hr class=\"wp-block-separator has-alpha-channel-opacity is-style-wide\"\/>\n\n\n\n<p><strong>OTRAS EMPRESAS DE JUZBADO:<\/strong><br><\/p>\n\n\n\n<p><strong>CONSTRUCCIONES y REFORMAS &#8211;&nbsp;<\/strong><strong>M. MIGUEL C.B.&nbsp;<\/strong><\/p>\n\n\n\n<p>Tel\u00e9fono: 615 415&nbsp;097 y 615 417 038<\/p>\n\n\n\n<p><a href=\"https:\/\/blogger.googleusercontent.com\/img\/b\/R29vZ2xl\/AVvXsEhSaeFo19MnkdbgzHYsBoQ-QjLjD4BzKj3lTKKHCWNGl5_q3AtG5bjUhk00gw0LBPWqEsQikGX0OtvLhwuvJ9Xd6ZohCKc8T5VqfTZ1zWI8hgmGiFLaEUtj2NLoxT6HZjHI0e5mIgZly1I\/s1600\/miguel+reformas+WEB.jpg\"><\/a><\/p>\n\n\n\n<figure class=\"wp-block-image\"><a href=\"https:\/\/blogger.googleusercontent.com\/img\/b\/R29vZ2xl\/AVvXsEhsR70Ya5t3p_LXtu9IRCGQGzmzU3elLmweAs_xQvSTtHsYfdb1-y914cqKKzcA6G_yMHU6L33OcrfO_e8dgXqLSQYHjf5PtiDh94vJFSr3IeZ1YrWHFglxjz8SRD2wt0TZ0cdofl1Bt_0\/s839\/miguel+construcciones+nuevo+logo+cut.jpeg\"><img decoding=\"async\" src=\"https:\/\/blogger.googleusercontent.com\/img\/b\/R29vZ2xl\/AVvXsEhsR70Ya5t3p_LXtu9IRCGQGzmzU3elLmweAs_xQvSTtHsYfdb1-y914cqKKzcA6G_yMHU6L33OcrfO_e8dgXqLSQYHjf5PtiDh94vJFSr3IeZ1YrWHFglxjz8SRD2wt0TZ0cdofl1Bt_0\/s320\/miguel+construcciones+nuevo+logo+cut.jpeg\" alt=\"\"\/><\/a><\/figure>\n\n\n\n<p><a href=\"https:\/\/blogger.googleusercontent.com\/img\/b\/R29vZ2xl\/AVvXsEhSaeFo19MnkdbgzHYsBoQ-QjLjD4BzKj3lTKKHCWNGl5_q3AtG5bjUhk00gw0LBPWqEsQikGX0OtvLhwuvJ9Xd6ZohCKc8T5VqfTZ1zWI8hgmGiFLaEUtj2NLoxT6HZjHI0e5mIgZly1I\/s1600\/miguel+reformas+WEB.jpg\"><\/a><\/p>\n\n\n\n<p><strong>MANTENIMIENTO DE JARDINES &#8211;&nbsp;<\/strong><strong>J. L. SANTIAGO&nbsp;<\/strong><br><strong>Podas,&nbsp; desbroces, tratamiento fitosanitario autorizados.<\/strong><\/p>\n\n\n\n<p>Tel\u00e9fono: 625 800 399&nbsp;<\/p>\n\n\n\n<p>E-mail: sayagojl92@hotmail.com<\/p>\n\n\n\n<figure class=\"wp-block-image\"><a href=\"https:\/\/blogger.googleusercontent.com\/img\/b\/R29vZ2xl\/AVvXsEifsv0YkBXkKu0hAK5E7I1UcJ_4EQG-1gqKhDQWttFzWNt-5rSt5Z0Qh2Q7wEwXiSiuMJqki8av8_wBmedT046XlolIn2u0SFOni6AE-aQMOnIb9aQzjmd7PAh825l1Ed_Ex600lq_vqaI\/s1391\/j%25C3%25B3se+santiago+alfaraz+jose+jardines+%25289%2529.jpg.png\"><img decoding=\"async\" src=\"https:\/\/blogger.googleusercontent.com\/img\/b\/R29vZ2xl\/AVvXsEifsv0YkBXkKu0hAK5E7I1UcJ_4EQG-1gqKhDQWttFzWNt-5rSt5Z0Qh2Q7wEwXiSiuMJqki8av8_wBmedT046XlolIn2u0SFOni6AE-aQMOnIb9aQzjmd7PAh825l1Ed_Ex600lq_vqaI\/s320\/j%25C3%25B3se+santiago+alfaraz+jose+jardines+%25289%2529.jpg.png\" alt=\"\"\/><\/a><\/figure>\n\n\n\n<p><\/p>\n\n\n\n<p><strong>CARPINTER\u00cdA Y RESTAURACI\u00d3N &#8211; RECIO GONZ\u00c1LEZ C.B.&nbsp;<\/strong><\/p>\n\n\n\n<p>Tel\u00e9fono: 923 20 47 29 y 609 951 749<\/p>\n","protected":false},"excerpt":{"rendered":"<p>EMPRESAS BAR-RESTAURANTE EL TORAL Pinchos&nbsp;a la plancha, parrilladas de carne,&nbsp;paellas por encargo, men\u00fa del d\u00eda.Abierto todos los d\u00edas excepto los lunesTel\u00e9fono: 620 01 90 83 (Lourdes Garc\u00eda&nbsp;Pacheco)Mail:&nbsp;luligar@hotmail.es@luligarpa&nbsp; ALOJAMIENTOS RURALES: ALOJAMIENTO RURAL LA VENTANICA DEL TORMES Tel\u00e9fono: 606 30 21 52E-mail: info@laventanicadeltormes.com ALOJAMIENTO RURAL HORTUS MVSARVM Tel\u00e9fono: 633 52 99 88E-mail: hortusmusarum@gmail.com OTRAS EMPRESAS DE JUZBADO: [&hellip;]<\/p>\n","protected":false},"author":1,"featured_media":0,"parent":0,"menu_order":0,"comment_status":"closed","ping_status":"closed","template":"","meta":{"saved_in_kubio":false,"footnotes":""},"class_list":["post-1245","page","type-page","status-publish","hentry"],"kubio_ai_page_context":{"short_desc":"","purpose":"general"},"_links":{"self":[{"href":"https:\/\/juzbado.es\/nuevaweb\/wp-json\/wp\/v2\/pages\/1245","targetHints":{"allow":["GET"]}}],"collection":[{"href":"https:\/\/juzbado.es\/nuevaweb\/wp-json\/wp\/v2\/pages"}],"about":[{"href":"https:\/\/juzbado.es\/nuevaweb\/wp-json\/wp\/v2\/types\/page"}],"author":[{"embeddable":true,"href":"https:\/\/juzbado.es\/nuevaweb\/wp-json\/wp\/v2\/users\/1"}],"replies":[{"embeddable":true,"href":"https:\/\/juzbado.es\/nuevaweb\/wp-json\/wp\/v2\/comments?post=1245"}],"version-history":[{"count":1,"href":"https:\/\/juzbado.es\/nuevaweb\/wp-json\/wp\/v2\/pages\/1245\/revisions"}],"predecessor-version":[{"id":1246,"href":"https:\/\/juzbado.es\/nuevaweb\/wp-json\/wp\/v2\/pages\/1245\/revisions\/1246"}],"wp:attachment":[{"href":"https:\/\/juzbado.es\/nuevaweb\/wp-json\/wp\/v2\/media?parent=1245"}],"curies":[{"name":"wp","href":"https:\/\/api.w.org\/{rel}","templated":true}]}}