{"id":1256,"date":"2025-03-06T12:30:59","date_gmt":"2025-03-06T11:30:59","guid":{"rendered":"http:\/\/juzbado.es\/nuevaweb\/?page_id=1256"},"modified":"2025-03-06T12:31:50","modified_gmt":"2025-03-06T11:31:50","slug":"gestion-de-residuos","status":"publish","type":"page","link":"https:\/\/juzbado.es\/nuevaweb\/gestion-de-residuos\/","title":{"rendered":"GESTI\u00d3N DE RESIDUOS"},"content":{"rendered":"\n<h3 class=\"wp-block-heading\">GESTI\u00d3N DE RESIDUOS<\/h3>\n\n\n\n<p>La generaci\u00f3n de residuos que cada d\u00eda se produce en nuestros hogares es uno de los principales retos a los que se enfrenta la sociedad moderna.&nbsp; Si en el pasado la hojalata, las fibras naturales o la madera cumplieron una labor esencial en el d\u00eda a d\u00eda del quehacer dom\u00e9stico, hoy ya no lo son tanto.&nbsp;&nbsp;<strong>La aparici\u00f3n de los pl\u00e1sticos y el aumento sinigual del consumo han cambiado totalmente el panorama de la gesti\u00f3n de los residuos en nuestros pueblos<\/strong>.<br><br>Cada d\u00eda generamos millones de toneladas de residuos cuya utilidad finaliza muchas veces en cuanto entran en nuestros hogares.&nbsp; Muchos de esos residuos terminan en los oc\u00e9anos intoxicando no solo los ecosistemas sino tambi\u00e9n las cadenas alimentarias para el consumo humano.&nbsp; Sin embargo, hay muchos residuos que se llevan a Centros de Tratamiento de Residuos donde se clasifican para su posterior reciclado y reutilizaci\u00f3n.&nbsp;&nbsp;<strong>El municipio de Juzbado no es ajeno a esta cuesti\u00f3n y por eso cuenta con dos \u00abislas ecol\u00f3gicas\u00bb para la separaci\u00f3n de residuos s\u00f3lidos urbanos.&nbsp;&nbsp;<\/strong>Una de ellas &#8211; de reciente creaci\u00f3n- est\u00e1 situada tras el juego de pelota.<br><br>Los textos que leer\u00e1s a continuaci\u00f3n tienen como objetivo resolver posibles dudas al respecto de la gesti\u00f3n de los residuos dom\u00e9sticos y, tambi\u00e9n, de aquellos aspectos que nos puedan ayudar a&nbsp;<strong>reducir nuestra huella ecol\u00f3gica y as\u00ed conservar mejor el mundo en el que vivimo<\/strong>s.<\/p>\n\n\n\n<p><a href=\"https:\/\/drive.google.com\/file\/d\/1dOn5vn-QZy6CkN1iPTm339PKhfQTYUah\/view?usp=sharing\" target=\"_blank\" rel=\"noreferrer noopener\"><\/a><\/p>\n\n\n\n<p><a href=\"https:\/\/drive.google.com\/file\/d\/1ERdMmIUV3y6lwcKbpmKvrVoJ_qNd-miS\/view?usp=sharing\" target=\"_blank\" rel=\"noreferrer noopener\"><strong>DESCARGAR PDF (D\u00cdPTICO SOBRE RESIDUOS)<\/strong><\/a><a href=\"https:\/\/drive.google.com\/file\/d\/1ERdMmIUV3y6lwcKbpmKvrVoJ_qNd-miS\/view?usp=sharing\" target=\"_blank\" rel=\"noreferrer noopener\">&nbsp;<\/a><br>(tambi\u00e9n est\u00e1 disponible en papel en el Ayuntamiento)<\/p>\n\n\n\n<figure class=\"wp-block-image size-full\"><img loading=\"lazy\" decoding=\"async\" width=\"452\" height=\"640\" src=\"http:\/\/juzbado.es\/nuevaweb\/wp-content\/uploads\/2025\/03\/separacion-residuos-2022.jpg\" alt=\"\" class=\"wp-image-1259\" title=\"Juzbado, residuos, gesti\u00f3n de residuos, compostaje, punto limpio\" srcset=\"https:\/\/juzbado.es\/nuevaweb\/wp-content\/uploads\/2025\/03\/separacion-residuos-2022.jpg 452w, https:\/\/juzbado.es\/nuevaweb\/wp-content\/uploads\/2025\/03\/separacion-residuos-2022-212x300.jpg 212w\" sizes=\"(max-width: 452px) 100vw, 452px\" \/><\/figure>\n\n\n\n<p><strong>\u00bf CU\u00c1NTOS RESIDUOS SEPARAMOS EN JUZBADO?<\/strong>&nbsp;<\/p>\n\n\n\n<p>Os presentamos algunas cifras significativas de la gesti\u00f3n de los residuos durante los \u00faltimos a\u00f1os en Juzbado.&nbsp;&nbsp;Cada vecino\/a de juzbado produce anualmente una media de 297 kg. de basura (periodo 2016-2024), de los cuales separamos una media de 28 kg.\/a\u00f1o, es decir, un 9,92 % de los residuos totales que generamos (la directiva de la UE establece que en 2030 el reciclaje tiene que llegar al 60% del total). Desde nuestro ayuntamiento debemos hacer un esfuerzo individual y colectivo para promover una mayor y mejor separaci\u00f3n de nuestra basura.&nbsp;<\/p>\n\n\n\n<figure class=\"wp-block-image size-full\"><img loading=\"lazy\" decoding=\"async\" width=\"640\" height=\"356\" src=\"http:\/\/juzbado.es\/nuevaweb\/wp-content\/uploads\/2025\/03\/Imagen7-1.png\" alt=\"\" class=\"wp-image-1293\" title=\"Juzbado, residuos, gesti\u00f3n de residuos, compostaje, punto limpio\" srcset=\"https:\/\/juzbado.es\/nuevaweb\/wp-content\/uploads\/2025\/03\/Imagen7-1.png 640w, https:\/\/juzbado.es\/nuevaweb\/wp-content\/uploads\/2025\/03\/Imagen7-1-300x167.png 300w\" sizes=\"(max-width: 640px) 100vw, 640px\" \/><\/figure>\n\n\n\n<p><a href=\"https:\/\/drive.google.com\/file\/d\/1I_876Rm_ucDAvRy0PD-TrJfAfioPR2GM\/view?usp=sharing\" target=\"_blank\" rel=\"noreferrer noopener\"><strong>DESC\u00c1RGATE EL MANUAL DE RESIDUOS DE JUZBADO (2024)<\/strong><\/a><\/p>\n\n\n\n<figure class=\"wp-block-image size-full\"><img loading=\"lazy\" decoding=\"async\" width=\"454\" height=\"160\" src=\"http:\/\/juzbado.es\/nuevaweb\/wp-content\/uploads\/2025\/03\/Imagen1-1.jpg\" alt=\"\" class=\"wp-image-1294\" title=\"Juzbado, residuos, gesti\u00f3n de residuos, compostaje, punto limpio\" srcset=\"https:\/\/juzbado.es\/nuevaweb\/wp-content\/uploads\/2025\/03\/Imagen1-1.jpg 454w, https:\/\/juzbado.es\/nuevaweb\/wp-content\/uploads\/2025\/03\/Imagen1-1-300x106.jpg 300w\" sizes=\"(max-width: 454px) 100vw, 454px\" \/><\/figure>\n\n\n\n<p><\/p>\n\n\n\n<p><strong>PUNTO DE ACOPIO DE JUZBADO<\/strong><\/p>\n\n\n\n<p><strong>El pueblo de Juzbado cuenta con un nuevo punto de acopio de residuos.<\/strong>&nbsp;&nbsp;Se trata de una iniciativa municipal para la gesti\u00f3n de nuestros residuos s\u00f3lidos urbanos.&nbsp;&nbsp;Juzbado dispone de dos islas ecol\u00f3gicas para la separaci\u00f3n de residuos, dos centros de compostaje comunitario y una red general de contenedores verdes de residuos.&nbsp;&nbsp;Con esta inversi\u00f3n municipal se pretende completar nuestras infraestructuras para una gesti\u00f3n m\u00e1s inteligente y corresponsable de nuestra basura.&nbsp;&nbsp;<\/p>\n\n\n\n<p>La peque\u00f1a gu\u00eda que tienes entre las manos tiene como objetivo resolver posibles dudas en torno a al uso del nuevo punto de acopio de residuos de Juzbado.&nbsp;En cualquier caso, recuerda que el mejor residuo es aquel que no se produce.<\/p>\n\n\n\n<p><strong>\u00a0<\/strong><\/p>\n\n\n\n<p><strong>\u00bfQU\u00c9 ES UN PUNTO DE ACOPIO?<\/strong><\/p>\n\n\n\n<p>La gran mayor\u00eda de los residuos se pueden separar y depositar en los contenedores amarillo, azul y verde y en zonas habilitadas para residuos org\u00e1nicos.&nbsp;&nbsp;Sin embargo, hay otra minor\u00eda que,&nbsp;<strong>por su composici\u00f3n y caracter\u00edsticas, se deben gestionar de forma diferente<\/strong>.&nbsp;&nbsp;Un punto de acopio es a donde podremos llevar este tipo de residuos.&nbsp;<\/p>\n\n\n\n<p>Nos referimos, por ejemplo, a los electrodom\u00e9sticos, material electr\u00f3nico, recambiables y consumibles, bombillas y neones, cristales, ropa, vajillas, espejos, escombros, sillas, mesas, camas, qu\u00edmicos, poliesp\u00e1n, etc.&nbsp;&nbsp;Una vez all\u00ed depositados por cada persona interesada, se acumular\u00e1n temporalmente hasta que se los lleven a centros especializados de tratamiento de residuos para su correcta gesti\u00f3n.<\/p>\n\n\n\n<p>El punto de acopio de Juzbado re\u00fane las caracter\u00edsticas certificadas de un centro de gesti\u00f3n de residuos y cuenta con un n\u00famero de identificaci\u00f3n Medio Ambiental de la Junta de Castilla y Le\u00f3n.<\/p>\n\n\n\n<p><strong>\u00a0<\/strong><\/p>\n\n\n\n<p><strong>\u00bfD\u00d3NDE EST\u00c1 EL PUNTO DE ACOPIO?<\/strong><\/p>\n\n\n\n<p>El nuevo punto de acopio de Juzbado est\u00e1 ubicado en el antiguo corral de concejo (calle Concejo). Tras la rehabilitaci\u00f3n integral del corral y la reconfiguraci\u00f3n y adecuaci\u00f3n de espacios, el punto de acopio cuenta con contenedores para cada tipo de residuos, algunos bajo techo y, otros, que no lo requieren, al aire libre.<\/p>\n\n\n\n<p><strong><u>C\u00d3MO ES NUESTRO MODELO DE GESTI\u00d3N DE RESIDUOS<\/u><\/strong><\/p>\n\n\n\n<figure class=\"wp-block-image size-full\"><img loading=\"lazy\" decoding=\"async\" width=\"640\" height=\"392\" src=\"http:\/\/juzbado.es\/nuevaweb\/wp-content\/uploads\/2025\/03\/modelo-gestion-residuos-juzbado-1.jpg\" alt=\"\" class=\"wp-image-1295\" title=\"Juzbado, residuos, gesti\u00f3n de residuos, compostaje, punto limpio\" srcset=\"https:\/\/juzbado.es\/nuevaweb\/wp-content\/uploads\/2025\/03\/modelo-gestion-residuos-juzbado-1.jpg 640w, https:\/\/juzbado.es\/nuevaweb\/wp-content\/uploads\/2025\/03\/modelo-gestion-residuos-juzbado-1-300x184.jpg 300w\" sizes=\"(max-width: 640px) 100vw, 640px\" \/><\/figure>\n\n\n\n<figure class=\"wp-block-image size-full\"><img loading=\"lazy\" decoding=\"async\" width=\"547\" height=\"640\" src=\"http:\/\/juzbado.es\/nuevaweb\/wp-content\/uploads\/2025\/03\/QUE-RESIUDOS-VAN-AL-PUNTO-DE-ACOPIO-1.png\" alt=\"\" class=\"wp-image-1296\" title=\"Juzbado, residuos, gesti\u00f3n de residuos, compostaje, punto limpio\" srcset=\"https:\/\/juzbado.es\/nuevaweb\/wp-content\/uploads\/2025\/03\/QUE-RESIUDOS-VAN-AL-PUNTO-DE-ACOPIO-1.png 547w, https:\/\/juzbado.es\/nuevaweb\/wp-content\/uploads\/2025\/03\/QUE-RESIUDOS-VAN-AL-PUNTO-DE-ACOPIO-1-256x300.png 256w\" sizes=\"(max-width: 547px) 100vw, 547px\" \/><\/figure>\n\n\n\n<figure class=\"wp-block-image size-full\"><img loading=\"lazy\" decoding=\"async\" width=\"640\" height=\"151\" src=\"http:\/\/juzbado.es\/nuevaweb\/wp-content\/uploads\/2025\/03\/Imagen5.png\" alt=\"\" class=\"wp-image-1258\" srcset=\"https:\/\/juzbado.es\/nuevaweb\/wp-content\/uploads\/2025\/03\/Imagen5.png 640w, https:\/\/juzbado.es\/nuevaweb\/wp-content\/uploads\/2025\/03\/Imagen5-300x71.png 300w\" sizes=\"(max-width: 640px) 100vw, 640px\" \/><\/figure>\n\n\n\n<figure class=\"wp-block-image size-full\"><img loading=\"lazy\" decoding=\"async\" width=\"640\" height=\"452\" src=\"http:\/\/juzbado.es\/nuevaweb\/wp-content\/uploads\/2025\/03\/CARTEL-PUNTO-DE-ACOPIO-septiembre-1.jpg\" alt=\"\" class=\"wp-image-1297\" title=\"Juzbado, residuos, gesti\u00f3n de residuos, compostaje, punto limpio\" srcset=\"https:\/\/juzbado.es\/nuevaweb\/wp-content\/uploads\/2025\/03\/CARTEL-PUNTO-DE-ACOPIO-septiembre-1.jpg 640w, https:\/\/juzbado.es\/nuevaweb\/wp-content\/uploads\/2025\/03\/CARTEL-PUNTO-DE-ACOPIO-septiembre-1-300x212.jpg 300w\" sizes=\"(max-width: 640px) 100vw, 640px\" \/><\/figure>\n\n\n\n<p><\/p>\n\n\n\n<p><strong>EL PROGRAMA DE COMPOSTAJE DE JUZBADO:<\/strong><\/p>\n\n\n\n<p>El municipio de Juzbado comenz\u00f3 durante el a\u00f1o 2020 un programa pionero en nuestra comunidad de compostaje comunitario gracias a la&nbsp;<a href=\"https:\/\/medioambiente.jcyl.es\/web\/es\/calidad-ambiental\/convocatoria-ayudas-residuos.html\" target=\"_blank\" rel=\"noreferrer noopener\">convocatoria de ayudas residuos 2020 de la Junta de Castilla y Le\u00f3n<\/a>.&nbsp;&nbsp;<strong>El compostaje consiste en aprovechar los residuos org\u00e1nicos generados en nuestros hogares para la creaci\u00f3n de abonos y compost.<\/strong>&nbsp;&nbsp;Hasta la actualidad, estos residuos se est\u00e1n desechando a trav\u00e9s de la recogida no selectiva en los contenedores verdes de nuestro municipio.&nbsp;&nbsp;<\/p>\n\n\n\n<p>El objetivo de este innovador programa, que ya funciona con \u00e9xito en otros pueblos y ciudades de otras comunidades es, por un lado,&nbsp;<strong>reducir la cantidad de residuos que termina en el vertedero<\/strong>&nbsp;y, por lo tanto, mitigar nuestra huella ecol\u00f3gica y los gastos en la gesti\u00f3n.&nbsp;&nbsp;Por otro, servir\u00e1 para fijar CO2 (se quedar\u00e1 en el suelo al utilizarlo como abono) evitando su emisi\u00f3n a la atm\u00f3sfera al mismo tiempo que sensibilizaremos a nuestros vecinos para utilizar gratuitamente el abono o compost producido en sus huertos y jardines.<\/p>\n\n\n\n<p>El municipio de Juzbado pertenece a la coordinadora estatal de entidades locales&nbsp;<a href=\"https:\/\/www.compostaenred.org\/\" target=\"_blank\" rel=\"noreferrer noopener\">Composta en Red.<\/a><\/p>\n\n\n\n<figure class=\"wp-block-image aligncenter size-full\"><img loading=\"lazy\" decoding=\"async\" width=\"400\" height=\"180\" src=\"http:\/\/juzbado.es\/nuevaweb\/wp-content\/uploads\/2025\/03\/20210910_190047.jpg\" alt=\"\" class=\"wp-image-1257\" srcset=\"https:\/\/juzbado.es\/nuevaweb\/wp-content\/uploads\/2025\/03\/20210910_190047.jpg 400w, https:\/\/juzbado.es\/nuevaweb\/wp-content\/uploads\/2025\/03\/20210910_190047-300x135.jpg 300w\" sizes=\"(max-width: 400px) 100vw, 400px\" \/><\/figure>\n\n\n\n<p><a href=\"https:\/\/drive.google.com\/file\/d\/1uRooIlznfe2B-iBSQMkHaJV5YMtxeMHo\/view\" target=\"_blank\" rel=\"noreferrer noopener\"><\/a><\/p>\n\n\n\n<p><a href=\"https:\/\/drive.google.com\/file\/d\/1uRooIlznfe2B-iBSQMkHaJV5YMtxeMHo\/view\" target=\"_blank\" rel=\"noreferrer noopener\"><strong><\/strong><\/a><\/p>\n\n\n\n<p><strong>FALSOS MITOS SOBRE EL RECICLAJE:<\/strong><\/p>\n\n\n\n<p><strong><em>Yo reciclo\u2026<\/em>:<\/strong>&nbsp;No, t\u00fa no reciclas, t\u00fa separas. Separas residuos.<\/p>\n\n\n\n<p><strong><em>&#8230;Pero si luego va todo al mismo sitio<\/em>:<\/strong>&nbsp;Si, es cierto, va todo al&nbsp; mismo sitio, al CTR (Centro de Tratamiento de Residuos) de Gomecello. S\u00f3lo que all\u00ed ya llega todo m\u00e1s o menos separado gracias a tu colaboraci\u00f3n. En este centro se terminan de separar los residuos (muchas veces a mano por trabajadores) para su posterior reciclado.<\/p>\n\n\n\n<p><strong><em>Para qu\u00e9 reciclar \u00bftotal?<\/em>:<\/strong>&nbsp;El reciclaje es uno de los avances m\u00e1s notables de la sociedad actual. Si no tratamos de cerrar los ciclos de vida de los productos, de tal forma que podamos volver a utilizarlos, seguiremos consumiendo recursos naturales y provocando el deterioro de nuestro planeta.&nbsp;&nbsp;<strong>Cuesta menos reciclar que fabricar de nuevo un producto.<\/strong><\/p>\n\n\n\n<p><strong><em>&#8230;eso es un negocio<\/em>:<\/strong>&nbsp;S\u00ed, lo es. Es un negocio que da trabajo a 42.600 personas en Espa\u00f1a, de los cu\u00e1les 9.400 son puestos directos.<br><\/p>\n\n\n\n<p><\/p>\n\n\n\n<p><strong>EVENTOS y COMIDAS:<\/strong>&nbsp;<\/p>\n\n\n\n<p>Adem\u00e1s de las dos islas ecol\u00f3gicas ubicadas en la calle, Juzbado cuenta con tres contenedores situados en el ayuntamiento para la separaci\u00f3n de residuos.&nbsp; Son manejables y se pueden utilizar durante los grandes eventos y comidas como las que se celebran en el sal\u00f3n de actos o en la calle.&nbsp; Est\u00e1n tambi\u00e9n a disposici\u00f3n de los vecinos para facilitar la recogida selectiva de residuos en otros \u00e1mbitos.&nbsp;<strong>Deseamos que entre todos los vecinos podamos celebrar en el futuro fiestas y eventos m\u00e1s limpios.<\/strong><\/p>\n\n\n\n<p><strong>HACIA UNA ECONOM\u00cdA CIRCULAR:<\/strong>&nbsp;<\/p>\n\n\n\n<p>La&nbsp;<strong>econom\u00eda circular es una estrategia<\/strong>&nbsp;que plantea la producci\u00f3n de bienes y servicios al mismo tiempo que reduce el consumo y el desperdicio de materias primas, agua y fuentes de energ\u00eda. El&nbsp;<strong>Ecodise\u00f1o<\/strong>&nbsp;de productos es una metodolog\u00eda que permite dise\u00f1ar materiales que se pueden reciclar de principio a fin apoyando la econom\u00eda circular.&nbsp;&nbsp;<strong>En Juzbado podemos contribuir a consolidar m\u00e1s y mejores econom\u00edas sostenibles, circulares y respetuosas con el planeta<\/strong>, especialmente en un \u00e1mbito rural como el nuestro en el que producimos alimentos para el autoconsumo y que, adem\u00e1s, se pueden comercializar.<\/p>\n\n\n\n<p>&nbsp;<strong><a href=\"https:\/\/drive.google.com\/file\/d\/1VBAQYmLi3mvMVqZFsq25ZYSIbyKHtLFC\/view?usp=sharing\" target=\"_blank\" rel=\"noreferrer noopener\">Consulta aqu\u00ed la normativa vigente de la gesti\u00f3n de residuos voluminosos<\/a><\/strong><\/p>\n\n\n\n<p>\u00a0<\/p>\n\n\n\n<p><strong>CONSEJOS \u00daTILES PARA DISMINUIR NUESTRA HUELLA:<\/strong><\/p>\n\n\n\n<p><strong>REDUCiR:<\/strong>&nbsp;La mejor manera de contribuir a la conservaci\u00f3n de nuestro planeta es generando la menor cantidad posible de residuos. Eso \u00bfc\u00f3mo se consigue? Pues comprando&nbsp; de forma inteligente, es decir,&nbsp;<strong>productos de mayor tama\u00f1o en lugar de fraccionados, productos con menos embalaje o, tambi\u00e9n, productos a granel y con etiquetados responsables<\/strong>. No gastar bolsas desechables y utilizar en cambio las reutilizables.&nbsp; Cambiando nuestros h\u00e1bitos de consumo podremos cambiar tambi\u00e9n los procesos de fabricaci\u00f3n y manufactura.<\/p>\n\n\n\n<p><br><strong>REUTiLiZAR:<\/strong>&nbsp;Tambi\u00e9n es posible que a muchos de nuestros residuos les quede una segunda vida.&nbsp; Reutilizar es otra de las recomendaciones para mejorar nuestro entorno.&nbsp; \u00bfqui\u00e9n no ha reutilizado un embalaje alguna vez? Bien, pues la reutilizaci\u00f3n de los residuos es cada vez m\u00e1s habitual y, no solo se ha convertido en tendencia, sino que es una necesidad.<\/p>\n","protected":false},"excerpt":{"rendered":"<p>GESTI\u00d3N DE RESIDUOS La generaci\u00f3n de residuos que cada d\u00eda se produce en nuestros hogares es uno de los principales retos a los que se enfrenta la sociedad moderna.&nbsp; Si en el pasado la hojalata, las fibras naturales o la madera cumplieron una labor esencial en el d\u00eda a d\u00eda del quehacer dom\u00e9stico, hoy ya [&hellip;]<\/p>\n","protected":false},"author":1,"featured_media":0,"parent":0,"menu_order":0,"comment_status":"closed","ping_status":"closed","template":"","meta":{"saved_in_kubio":false,"footnotes":""},"class_list":["post-1256","page","type-page","status-publish","hentry"],"kubio_ai_page_context":{"short_desc":"","purpose":"general"},"_links":{"self":[{"href":"https:\/\/juzbado.es\/nuevaweb\/wp-json\/wp\/v2\/pages\/1256","targetHints":{"allow":["GET"]}}],"collection":[{"href":"https:\/\/juzbado.es\/nuevaweb\/wp-json\/wp\/v2\/pages"}],"about":[{"href":"https:\/\/juzbado.es\/nuevaweb\/wp-json\/wp\/v2\/types\/page"}],"author":[{"embeddable":true,"href":"https:\/\/juzbado.es\/nuevaweb\/wp-json\/wp\/v2\/users\/1"}],"replies":[{"embeddable":true,"href":"https:\/\/juzbado.es\/nuevaweb\/wp-json\/wp\/v2\/comments?post=1256"}],"version-history":[{"count":2,"href":"https:\/\/juzbado.es\/nuevaweb\/wp-json\/wp\/v2\/pages\/1256\/revisions"}],"predecessor-version":[{"id":1299,"href":"https:\/\/juzbado.es\/nuevaweb\/wp-json\/wp\/v2\/pages\/1256\/revisions\/1299"}],"wp:attachment":[{"href":"https:\/\/juzbado.es\/nuevaweb\/wp-json\/wp\/v2\/media?parent=1256"}],"curies":[{"name":"wp","href":"https:\/\/api.w.org\/{rel}","templated":true}]}}