{"id":1326,"date":"2025-03-06T13:56:19","date_gmt":"2025-03-06T12:56:19","guid":{"rendered":"http:\/\/juzbado.es\/nuevaweb\/?page_id=1326"},"modified":"2025-03-06T13:56:19","modified_gmt":"2025-03-06T12:56:19","slug":"oficina-de-desarrollo","status":"publish","type":"page","link":"https:\/\/juzbado.es\/nuevaweb\/oficina-de-desarrollo\/","title":{"rendered":"OFICINA DE DESARROLLO"},"content":{"rendered":"\n<h3 class=\"wp-block-heading\">OFICINA DE DESARROLLO<\/h3>\n\n\n\n<p>La Oficina de Desarrollo Local es un servicio municipal cuyo objetivo es impulsar acciones para el desarrollo del pueblo de Juzbado y de sus habitantes.&nbsp;&nbsp;La Oficina est\u00e1 abierta de forma continuada desde el a\u00f1o 2015 y tiene un&nbsp;<a href=\"https:\/\/juzbado.blogspot.com\/p\/ayuntamiento.html\" target=\"_blank\" rel=\"noreferrer noopener\">horario de atenci\u00f3n al p\u00fablico de lunes a viernes<\/a>.&nbsp;&nbsp;Adem\u00e1s, la Oficina permanece en funcionamiento&nbsp; durante m\u00e1s tiempo, desempe\u00f1ando&nbsp;funciones como las que resumen m\u00e1s abajo.&nbsp; El contacto con la oficina se puede realizar personalmente en la primera planta del Ayuntamiento de Juzbado (horarios vigentes&nbsp;<a href=\"https:\/\/juzbado.blogspot.com\/p\/ayuntamiento.html\" target=\"_blank\" rel=\"noreferrer noopener\">aqu\u00ed<\/a>) o a trav\u00e9s del correo electr\u00f3nico: juzbadolibroabierto@juzbado.es&nbsp;&nbsp;<\/p>\n\n\n\n<figure class=\"wp-block-image size-full\"><img loading=\"lazy\" decoding=\"async\" width=\"640\" height=\"639\" src=\"http:\/\/juzbado.es\/nuevaweb\/wp-content\/uploads\/2025\/03\/DIAGRAMA-ODL.png\" alt=\"\" class=\"wp-image-1327\" title=\"Juzbado, Oficina de desarrollo local\" srcset=\"https:\/\/juzbado.es\/nuevaweb\/wp-content\/uploads\/2025\/03\/DIAGRAMA-ODL.png 640w, https:\/\/juzbado.es\/nuevaweb\/wp-content\/uploads\/2025\/03\/DIAGRAMA-ODL-300x300.png 300w, https:\/\/juzbado.es\/nuevaweb\/wp-content\/uploads\/2025\/03\/DIAGRAMA-ODL-150x150.png 150w\" sizes=\"(max-width: 640px) 100vw, 640px\" \/><\/figure>\n\n\n\n<p><strong>FUNCIONES DE LA OFICINA DE DESARROLLO LOCAL DE JUZBADO<\/strong><\/p>\n\n\n\n<p><\/p>\n\n\n\n<p>1._Asistencia t\u00e9cnica municipal en el desarrollo de programas, actuaciones y trabajos dirigidos al desarrollo socioecon\u00f3mico del municipio de Juzbado.&nbsp;<\/p>\n\n\n\n<figure class=\"wp-block-image size-full\"><img loading=\"lazy\" decoding=\"async\" width=\"640\" height=\"110\" src=\"http:\/\/juzbado.es\/nuevaweb\/wp-content\/uploads\/2025\/03\/Imagen2.png\" alt=\"\" class=\"wp-image-1328\" srcset=\"https:\/\/juzbado.es\/nuevaweb\/wp-content\/uploads\/2025\/03\/Imagen2.png 640w, https:\/\/juzbado.es\/nuevaweb\/wp-content\/uploads\/2025\/03\/Imagen2-300x52.png 300w\" sizes=\"(max-width: 640px) 100vw, 640px\" \/><\/figure>\n\n\n\n<p><\/p>\n\n\n\n<p>2._B\u00fasqueda de recursos y herramientas dirigidos a la promoci\u00f3n end\u00f3gena del municipio de Juzbado con el fin de garantizar y mejorar las expectativas de vida de sus habitantes.&nbsp;&nbsp;<\/p>\n\n\n\n<figure class=\"wp-block-image size-full\"><img loading=\"lazy\" decoding=\"async\" width=\"640\" height=\"112\" src=\"http:\/\/juzbado.es\/nuevaweb\/wp-content\/uploads\/2025\/03\/Imagen15.png\" alt=\"\" class=\"wp-image-1329\" srcset=\"https:\/\/juzbado.es\/nuevaweb\/wp-content\/uploads\/2025\/03\/Imagen15.png 640w, https:\/\/juzbado.es\/nuevaweb\/wp-content\/uploads\/2025\/03\/Imagen15-300x53.png 300w\" sizes=\"(max-width: 640px) 100vw, 640px\" \/><\/figure>\n\n\n\n<p><\/p>\n\n\n\n<p>3._Dise\u00f1o y gesti\u00f3n de programas y eventos culturales de toda \u00edndole dirigidos principalmente a los habitantes de Juzbado.<\/p>\n\n\n\n<figure class=\"wp-block-image size-full\"><img loading=\"lazy\" decoding=\"async\" width=\"640\" height=\"109\" src=\"http:\/\/juzbado.es\/nuevaweb\/wp-content\/uploads\/2025\/03\/Imagen26.png\" alt=\"\" class=\"wp-image-1330\" srcset=\"https:\/\/juzbado.es\/nuevaweb\/wp-content\/uploads\/2025\/03\/Imagen26.png 640w, https:\/\/juzbado.es\/nuevaweb\/wp-content\/uploads\/2025\/03\/Imagen26-300x51.png 300w\" sizes=\"(max-width: 640px) 100vw, 640px\" \/><\/figure>\n\n\n\n<p><\/p>\n\n\n\n<p>4._Puesta en marcha de estrategias de desarrollo tur\u00edstico, deportivo y medioambiental, as\u00ed como la promoci\u00f3n de servicios y plataformas que favorezcan el emprendimiento y consolidaci\u00f3n de negocios locales.<\/p>\n\n\n\n<figure class=\"wp-block-image size-full\"><img loading=\"lazy\" decoding=\"async\" width=\"640\" height=\"110\" src=\"http:\/\/juzbado.es\/nuevaweb\/wp-content\/uploads\/2025\/03\/Imagen17.png\" alt=\"\" class=\"wp-image-1331\" srcset=\"https:\/\/juzbado.es\/nuevaweb\/wp-content\/uploads\/2025\/03\/Imagen17.png 640w, https:\/\/juzbado.es\/nuevaweb\/wp-content\/uploads\/2025\/03\/Imagen17-300x52.png 300w\" sizes=\"(max-width: 640px) 100vw, 640px\" \/><\/figure>\n\n\n\n<p><\/p>\n\n\n\n<p>5._Desarrollo de estrategias socioecon\u00f3micas y ambientales para el reto demogr\u00e1fico y la lucha contra el cambio clim\u00e1tico.<\/p>\n\n\n\n<figure class=\"wp-block-image size-full\"><img loading=\"lazy\" decoding=\"async\" width=\"640\" height=\"110\" src=\"http:\/\/juzbado.es\/nuevaweb\/wp-content\/uploads\/2025\/03\/Imagen25.png\" alt=\"\" class=\"wp-image-1333\" srcset=\"https:\/\/juzbado.es\/nuevaweb\/wp-content\/uploads\/2025\/03\/Imagen25.png 640w, https:\/\/juzbado.es\/nuevaweb\/wp-content\/uploads\/2025\/03\/Imagen25-300x52.png 300w\" sizes=\"(max-width: 640px) 100vw, 640px\" \/><\/figure>\n\n\n\n<p><\/p>\n\n\n\n<p>6._Coordinaci\u00f3n del Centro de Interpretaci\u00f3n Museo de la Falla y del Centro de documentaci\u00f3n bot\u00e1nico.<\/p>\n\n\n\n<figure class=\"wp-block-image size-full\"><img loading=\"lazy\" decoding=\"async\" width=\"640\" height=\"112\" src=\"http:\/\/juzbado.es\/nuevaweb\/wp-content\/uploads\/2025\/03\/Imagen23.png\" alt=\"\" class=\"wp-image-1334\" srcset=\"https:\/\/juzbado.es\/nuevaweb\/wp-content\/uploads\/2025\/03\/Imagen23.png 640w, https:\/\/juzbado.es\/nuevaweb\/wp-content\/uploads\/2025\/03\/Imagen23-300x53.png 300w\" sizes=\"(max-width: 640px) 100vw, 640px\" \/><\/figure>\n\n\n\n<p><\/p>\n\n\n\n<p>7._Coordinaci\u00f3n de la biblioteca municipal de Juzbado y el Programa Libro Abierto.&nbsp;<\/p>\n\n\n\n<figure class=\"wp-block-image size-full\"><img loading=\"lazy\" decoding=\"async\" width=\"640\" height=\"119\" src=\"http:\/\/juzbado.es\/nuevaweb\/wp-content\/uploads\/2025\/03\/Imagen19-1.png\" alt=\"\" class=\"wp-image-1335\" srcset=\"https:\/\/juzbado.es\/nuevaweb\/wp-content\/uploads\/2025\/03\/Imagen19-1.png 640w, https:\/\/juzbado.es\/nuevaweb\/wp-content\/uploads\/2025\/03\/Imagen19-1-300x56.png 300w\" sizes=\"(max-width: 640px) 100vw, 640px\" \/><\/figure>\n\n\n\n<p><\/p>\n\n\n\n<p>8._Apoyo y asesor\u00eda a las empresas del municipio as\u00ed como a personas o asociaciones y colectivos.<\/p>\n\n\n\n<figure class=\"wp-block-image size-full\"><img loading=\"lazy\" decoding=\"async\" width=\"640\" height=\"110\" src=\"http:\/\/juzbado.es\/nuevaweb\/wp-content\/uploads\/2025\/03\/Imagen22.png\" alt=\"\" class=\"wp-image-1336\" srcset=\"https:\/\/juzbado.es\/nuevaweb\/wp-content\/uploads\/2025\/03\/Imagen22.png 640w, https:\/\/juzbado.es\/nuevaweb\/wp-content\/uploads\/2025\/03\/Imagen22-300x52.png 300w\" sizes=\"(max-width: 640px) 100vw, 640px\" \/><\/figure>\n\n\n\n<p><\/p>\n\n\n\n<p>9._Coordinaci\u00f3n y supervisi\u00f3n de redes y alianzas del municipio de Juzbado con otras entidades y organizaciones.<\/p>\n\n\n\n<figure class=\"wp-block-image size-full\"><img loading=\"lazy\" decoding=\"async\" width=\"640\" height=\"108\" src=\"http:\/\/juzbado.es\/nuevaweb\/wp-content\/uploads\/2025\/03\/Imagen16.png\" alt=\"\" class=\"wp-image-1337\" srcset=\"https:\/\/juzbado.es\/nuevaweb\/wp-content\/uploads\/2025\/03\/Imagen16.png 640w, https:\/\/juzbado.es\/nuevaweb\/wp-content\/uploads\/2025\/03\/Imagen16-300x51.png 300w\" sizes=\"(max-width: 640px) 100vw, 640px\" \/><\/figure>\n\n\n\n<p><\/p>\n\n\n\n<p>10._B\u00fasqueda de innovaci\u00f3n social en la gesti\u00f3n de los servicios p\u00fablicos y de nuevos escenarios socioecon\u00f3micos de desarrollo.<\/p>\n\n\n\n<figure class=\"wp-block-image size-full\"><img loading=\"lazy\" decoding=\"async\" width=\"635\" height=\"116\" src=\"http:\/\/juzbado.es\/nuevaweb\/wp-content\/uploads\/2025\/03\/Imagen18.png\" alt=\"\" class=\"wp-image-1338\" srcset=\"https:\/\/juzbado.es\/nuevaweb\/wp-content\/uploads\/2025\/03\/Imagen18.png 635w, https:\/\/juzbado.es\/nuevaweb\/wp-content\/uploads\/2025\/03\/Imagen18-300x55.png 300w\" sizes=\"(max-width: 635px) 100vw, 635px\" \/><\/figure>\n\n\n\n<p><\/p>\n\n\n\n<p>11._Coordinaci\u00f3n de pr\u00e1cticas de empresa con universidades, entidades y asociaciones p\u00fablicas o privadas.<br><a href=\"https:\/\/blogger.googleusercontent.com\/img\/b\/R29vZ2xl\/AVvXsEhGlsEX5z8Gdb1zp8ZAaMrbFu0OCZRtXuL73MhnlZVnygq-CRe1xribuP3ZoaS0-B2YGWk-PzVB6g9_MtZcG2btich5pWvkNVRV7YqS3lDt7FwPkkF5obt6Jz7iqb1Gx6b6OD9zrUekt9U\/s1379\/Imagen13.png\"><\/a><\/p>\n\n\n\n<figure class=\"wp-block-image size-full\"><img loading=\"lazy\" decoding=\"async\" width=\"640\" height=\"115\" src=\"http:\/\/juzbado.es\/nuevaweb\/wp-content\/uploads\/2025\/03\/Imagen21.png\" alt=\"\" class=\"wp-image-1339\" srcset=\"https:\/\/juzbado.es\/nuevaweb\/wp-content\/uploads\/2025\/03\/Imagen21.png 640w, https:\/\/juzbado.es\/nuevaweb\/wp-content\/uploads\/2025\/03\/Imagen21-300x54.png 300w\" sizes=\"(max-width: 640px) 100vw, 640px\" \/><\/figure>\n\n\n\n<p><\/p>\n\n\n\n<p>12._Imagen corporativa del municipio de Juzbado y mantenimiento de dominios y redes.<\/p>\n\n\n\n<figure class=\"wp-block-image size-full\"><img loading=\"lazy\" decoding=\"async\" width=\"640\" height=\"110\" src=\"http:\/\/juzbado.es\/nuevaweb\/wp-content\/uploads\/2025\/03\/Imagen28.png\" alt=\"\" class=\"wp-image-1340\" srcset=\"https:\/\/juzbado.es\/nuevaweb\/wp-content\/uploads\/2025\/03\/Imagen28.png 640w, https:\/\/juzbado.es\/nuevaweb\/wp-content\/uploads\/2025\/03\/Imagen28-300x52.png 300w\" sizes=\"(max-width: 640px) 100vw, 640px\" \/><\/figure>\n","protected":false},"excerpt":{"rendered":"<p>OFICINA DE DESARROLLO La Oficina de Desarrollo Local es un servicio municipal cuyo objetivo es impulsar acciones para el desarrollo del pueblo de Juzbado y de sus habitantes.&nbsp;&nbsp;La Oficina est\u00e1 abierta de forma continuada desde el a\u00f1o 2015 y tiene un&nbsp;horario de atenci\u00f3n al p\u00fablico de lunes a viernes.&nbsp;&nbsp;Adem\u00e1s, la Oficina permanece en funcionamiento&nbsp; durante [&hellip;]<\/p>\n","protected":false},"author":1,"featured_media":0,"parent":0,"menu_order":0,"comment_status":"closed","ping_status":"closed","template":"","meta":{"saved_in_kubio":false,"footnotes":""},"class_list":["post-1326","page","type-page","status-publish","hentry"],"kubio_ai_page_context":{"short_desc":"","purpose":"general"},"_links":{"self":[{"href":"https:\/\/juzbado.es\/nuevaweb\/wp-json\/wp\/v2\/pages\/1326","targetHints":{"allow":["GET"]}}],"collection":[{"href":"https:\/\/juzbado.es\/nuevaweb\/wp-json\/wp\/v2\/pages"}],"about":[{"href":"https:\/\/juzbado.es\/nuevaweb\/wp-json\/wp\/v2\/types\/page"}],"author":[{"embeddable":true,"href":"https:\/\/juzbado.es\/nuevaweb\/wp-json\/wp\/v2\/users\/1"}],"replies":[{"embeddable":true,"href":"https:\/\/juzbado.es\/nuevaweb\/wp-json\/wp\/v2\/comments?post=1326"}],"version-history":[{"count":1,"href":"https:\/\/juzbado.es\/nuevaweb\/wp-json\/wp\/v2\/pages\/1326\/revisions"}],"predecessor-version":[{"id":1341,"href":"https:\/\/juzbado.es\/nuevaweb\/wp-json\/wp\/v2\/pages\/1326\/revisions\/1341"}],"wp:attachment":[{"href":"https:\/\/juzbado.es\/nuevaweb\/wp-json\/wp\/v2\/media?parent=1326"}],"curies":[{"name":"wp","href":"https:\/\/api.w.org\/{rel}","templated":true}]}}