{"id":1344,"date":"2025-03-13T13:21:42","date_gmt":"2025-03-13T12:21:42","guid":{"rendered":"http:\/\/juzbado.es\/nuevaweb\/?page_id=1344"},"modified":"2025-03-13T13:21:42","modified_gmt":"2025-03-13T12:21:42","slug":"equipo-de-futbol","status":"publish","type":"page","link":"https:\/\/juzbado.es\/nuevaweb\/equipo-de-futbol\/","title":{"rendered":"EQUIPO DE F\u00daTBOL"},"content":{"rendered":"\n<h4 class=\"wp-block-heading\">EQUIPO DE F\u00daTBOL<\/h4>\n\n\n\n<p>Os presentamos al equipo de f\u00fatbol de Juzbado, el Juzbado F\u00fatbol Club, que participa ininterrumpidamente en una de las ligas provinciales desde el a\u00f1o 2017. Se trata de un equipo amateur que, con mucha ilusi\u00f3n y empe\u00f1o, saca adelante cada campeonato con resultados muy notables. El equipo est\u00e1 respaldado por dos patrocinios principales: El Ayuntamiento de Juzbado y la empresa salmantina de Fr\u00edo Industrial Tafrisa. Tambi\u00e9n cuenta con muchos otros patrocinios que cada a\u00f1o permiten tener al d\u00eda las licencias de todos los jugadores, contar con la equipaci\u00f3n correspondiente y poder inscribirse en la Liga Futormes: <a href=\"https:\/\/www.futormes.com\/mod\/soccer\/index.aspx\">https:\/\/www.futormes.com\/mod\/soccer\/index.aspx<\/a><\/p>\n\n\n\n<figure class=\"wp-block-image size-large\"><img loading=\"lazy\" decoding=\"async\" width=\"1024\" height=\"479\" src=\"http:\/\/juzbado.es\/nuevaweb\/wp-content\/uploads\/2025\/03\/WhatsApp-Image-2025-03-13-at-13.08.08-1024x479.jpeg\" alt=\"\" class=\"wp-image-1357\" srcset=\"https:\/\/juzbado.es\/nuevaweb\/wp-content\/uploads\/2025\/03\/WhatsApp-Image-2025-03-13-at-13.08.08-1024x479.jpeg 1024w, https:\/\/juzbado.es\/nuevaweb\/wp-content\/uploads\/2025\/03\/WhatsApp-Image-2025-03-13-at-13.08.08-300x140.jpeg 300w, https:\/\/juzbado.es\/nuevaweb\/wp-content\/uploads\/2025\/03\/WhatsApp-Image-2025-03-13-at-13.08.08-768x359.jpeg 768w, https:\/\/juzbado.es\/nuevaweb\/wp-content\/uploads\/2025\/03\/WhatsApp-Image-2025-03-13-at-13.08.08-1536x718.jpeg 1536w, https:\/\/juzbado.es\/nuevaweb\/wp-content\/uploads\/2025\/03\/WhatsApp-Image-2025-03-13-at-13.08.08.jpeg 1600w\" sizes=\"(max-width: 1024px) 100vw, 1024px\" \/><figcaption class=\"wp-element-caption\"><sub>Campo municipal \u00abEl Vado\u00bb.<\/sub><\/figcaption><\/figure>\n\n\n\n<p><br>Desde el a\u00f1o 2022 el equipo est\u00e1 constituido como Asociaci\u00f3n Deportiva de Castilla y Le\u00f3n y cuenta con un CIF. Adem\u00e1s, en las instalaciones deportivas de El Vado, d\u00f3nde hay un campo de hierba natural mantenido por el Ayuntamiento desde el a\u00f1o2014, el quipo cuenta con un conjunto de infraestructuras y recursos a su disposici\u00f3n.<\/p>\n\n\n\n<p>Si quieres consultar los resultados actuales del equipo y ver las estad\u00edsticas clica aqu\u00ed:<br><a href=\"https:\/\/www.futormes.com\/mod\/soccer\/situation.aspx?itm=12425\">https:\/\/www.futormes.com\/mod\/soccer\/situation.aspx?itm=12425<\/a><\/p>\n\n\n\n<p><br>Esta es la foto de la plantilla de jugadores y directiva as\u00ed como los patrocinios de este a\u00f1o.<\/p>\n\n\n\n<figure class=\"wp-block-image size-large\"><img loading=\"lazy\" decoding=\"async\" width=\"1024\" height=\"1024\" src=\"http:\/\/juzbado.es\/nuevaweb\/wp-content\/uploads\/2025\/03\/WhatsApp-Image-2025-03-13-at-13.06.59-1024x1024.jpeg\" alt=\"\" class=\"wp-image-1351\" srcset=\"https:\/\/juzbado.es\/nuevaweb\/wp-content\/uploads\/2025\/03\/WhatsApp-Image-2025-03-13-at-13.06.59-1024x1024.jpeg 1024w, https:\/\/juzbado.es\/nuevaweb\/wp-content\/uploads\/2025\/03\/WhatsApp-Image-2025-03-13-at-13.06.59-300x300.jpeg 300w, https:\/\/juzbado.es\/nuevaweb\/wp-content\/uploads\/2025\/03\/WhatsApp-Image-2025-03-13-at-13.06.59-150x150.jpeg 150w, https:\/\/juzbado.es\/nuevaweb\/wp-content\/uploads\/2025\/03\/WhatsApp-Image-2025-03-13-at-13.06.59-768x768.jpeg 768w, https:\/\/juzbado.es\/nuevaweb\/wp-content\/uploads\/2025\/03\/WhatsApp-Image-2025-03-13-at-13.06.59-1536x1536.jpeg 1536w, https:\/\/juzbado.es\/nuevaweb\/wp-content\/uploads\/2025\/03\/WhatsApp-Image-2025-03-13-at-13.06.59-1080x1080.jpeg 1080w, https:\/\/juzbado.es\/nuevaweb\/wp-content\/uploads\/2025\/03\/WhatsApp-Image-2025-03-13-at-13.06.59.jpeg 1600w\" sizes=\"(max-width: 1024px) 100vw, 1024px\" \/><\/figure>\n\n\n\n<p><\/p>\n\n\n\n<p>Os dejamos tambi\u00e9n las fotos de las anteriores plantillas del equipo:<\/p>\n\n\n\n<figure class=\"wp-block-gallery has-nested-images columns-default is-cropped wp-block-gallery-1 is-layout-flex wp-block-gallery-is-layout-flex\">\n<figure class=\"wp-block-image size-large\"><img loading=\"lazy\" decoding=\"async\" width=\"1024\" height=\"508\" data-id=\"1352\" src=\"http:\/\/juzbado.es\/nuevaweb\/wp-content\/uploads\/2025\/03\/WhatsApp-Image-2025-03-13-at-13.11.13-1024x508.jpeg\" alt=\"\" class=\"wp-image-1352\" srcset=\"https:\/\/juzbado.es\/nuevaweb\/wp-content\/uploads\/2025\/03\/WhatsApp-Image-2025-03-13-at-13.11.13-1024x508.jpeg 1024w, https:\/\/juzbado.es\/nuevaweb\/wp-content\/uploads\/2025\/03\/WhatsApp-Image-2025-03-13-at-13.11.13-300x149.jpeg 300w, https:\/\/juzbado.es\/nuevaweb\/wp-content\/uploads\/2025\/03\/WhatsApp-Image-2025-03-13-at-13.11.13-768x381.jpeg 768w, https:\/\/juzbado.es\/nuevaweb\/wp-content\/uploads\/2025\/03\/WhatsApp-Image-2025-03-13-at-13.11.13-1536x761.jpeg 1536w, https:\/\/juzbado.es\/nuevaweb\/wp-content\/uploads\/2025\/03\/WhatsApp-Image-2025-03-13-at-13.11.13.jpeg 1600w\" sizes=\"(max-width: 1024px) 100vw, 1024px\" \/><\/figure>\n\n\n\n<figure class=\"wp-block-image size-large\"><img loading=\"lazy\" decoding=\"async\" width=\"1024\" height=\"682\" data-id=\"1354\" src=\"http:\/\/juzbado.es\/nuevaweb\/wp-content\/uploads\/2025\/03\/WhatsApp-Image-2025-03-13-at-13.12.25-1024x682.jpeg\" alt=\"\" class=\"wp-image-1354\" srcset=\"https:\/\/juzbado.es\/nuevaweb\/wp-content\/uploads\/2025\/03\/WhatsApp-Image-2025-03-13-at-13.12.25-1024x682.jpeg 1024w, https:\/\/juzbado.es\/nuevaweb\/wp-content\/uploads\/2025\/03\/WhatsApp-Image-2025-03-13-at-13.12.25-300x200.jpeg 300w, https:\/\/juzbado.es\/nuevaweb\/wp-content\/uploads\/2025\/03\/WhatsApp-Image-2025-03-13-at-13.12.25-768x512.jpeg 768w, https:\/\/juzbado.es\/nuevaweb\/wp-content\/uploads\/2025\/03\/WhatsApp-Image-2025-03-13-at-13.12.25-1536x1023.jpeg 1536w, https:\/\/juzbado.es\/nuevaweb\/wp-content\/uploads\/2025\/03\/WhatsApp-Image-2025-03-13-at-13.12.25.jpeg 1600w\" sizes=\"(max-width: 1024px) 100vw, 1024px\" \/><\/figure>\n\n\n\n<figure class=\"wp-block-image size-large\"><img loading=\"lazy\" decoding=\"async\" width=\"1024\" height=\"506\" data-id=\"1356\" src=\"http:\/\/juzbado.es\/nuevaweb\/wp-content\/uploads\/2025\/03\/WhatsApp-Image-2025-03-13-at-13.12.00-1024x506.jpeg\" alt=\"\" class=\"wp-image-1356\" srcset=\"https:\/\/juzbado.es\/nuevaweb\/wp-content\/uploads\/2025\/03\/WhatsApp-Image-2025-03-13-at-13.12.00-1024x506.jpeg 1024w, https:\/\/juzbado.es\/nuevaweb\/wp-content\/uploads\/2025\/03\/WhatsApp-Image-2025-03-13-at-13.12.00-300x148.jpeg 300w, https:\/\/juzbado.es\/nuevaweb\/wp-content\/uploads\/2025\/03\/WhatsApp-Image-2025-03-13-at-13.12.00-768x380.jpeg 768w, https:\/\/juzbado.es\/nuevaweb\/wp-content\/uploads\/2025\/03\/WhatsApp-Image-2025-03-13-at-13.12.00.jpeg 1376w\" sizes=\"(max-width: 1024px) 100vw, 1024px\" \/><\/figure>\n\n\n\n<figure class=\"wp-block-image size-large\"><img loading=\"lazy\" decoding=\"async\" width=\"1024\" height=\"768\" data-id=\"1355\" src=\"http:\/\/juzbado.es\/nuevaweb\/wp-content\/uploads\/2025\/03\/WhatsApp-Image-2025-03-13-at-13.11.47-1024x768.jpeg\" alt=\"\" class=\"wp-image-1355\" srcset=\"https:\/\/juzbado.es\/nuevaweb\/wp-content\/uploads\/2025\/03\/WhatsApp-Image-2025-03-13-at-13.11.47-1024x768.jpeg 1024w, https:\/\/juzbado.es\/nuevaweb\/wp-content\/uploads\/2025\/03\/WhatsApp-Image-2025-03-13-at-13.11.47-300x225.jpeg 300w, https:\/\/juzbado.es\/nuevaweb\/wp-content\/uploads\/2025\/03\/WhatsApp-Image-2025-03-13-at-13.11.47-768x576.jpeg 768w, https:\/\/juzbado.es\/nuevaweb\/wp-content\/uploads\/2025\/03\/WhatsApp-Image-2025-03-13-at-13.11.47-1536x1152.jpeg 1536w, https:\/\/juzbado.es\/nuevaweb\/wp-content\/uploads\/2025\/03\/WhatsApp-Image-2025-03-13-at-13.11.47-1440x1080.jpeg 1440w, https:\/\/juzbado.es\/nuevaweb\/wp-content\/uploads\/2025\/03\/WhatsApp-Image-2025-03-13-at-13.11.47.jpeg 1600w\" sizes=\"(max-width: 1024px) 100vw, 1024px\" \/><\/figure>\n\n\n\n<figure class=\"wp-block-image size-large\"><img loading=\"lazy\" decoding=\"async\" width=\"526\" height=\"272\" data-id=\"1353\" src=\"http:\/\/juzbado.es\/nuevaweb\/wp-content\/uploads\/2025\/03\/WhatsApp-Image-2025-03-13-at-13.11.31.jpeg\" alt=\"\" class=\"wp-image-1353\" srcset=\"https:\/\/juzbado.es\/nuevaweb\/wp-content\/uploads\/2025\/03\/WhatsApp-Image-2025-03-13-at-13.11.31.jpeg 526w, https:\/\/juzbado.es\/nuevaweb\/wp-content\/uploads\/2025\/03\/WhatsApp-Image-2025-03-13-at-13.11.31-300x155.jpeg 300w\" sizes=\"(max-width: 526px) 100vw, 526px\" \/><\/figure>\n<\/figure>\n","protected":false},"excerpt":{"rendered":"<p>EQUIPO DE F\u00daTBOL Os presentamos al equipo de f\u00fatbol de Juzbado, el Juzbado F\u00fatbol Club, que participa ininterrumpidamente en una de las ligas provinciales desde el a\u00f1o 2017. Se trata de un equipo amateur que, con mucha ilusi\u00f3n y empe\u00f1o, saca adelante cada campeonato con resultados muy notables. El equipo est\u00e1 respaldado por dos patrocinios [&hellip;]<\/p>\n","protected":false},"author":1,"featured_media":0,"parent":0,"menu_order":0,"comment_status":"closed","ping_status":"closed","template":"","meta":{"saved_in_kubio":false,"footnotes":""},"class_list":["post-1344","page","type-page","status-publish","hentry"],"kubio_ai_page_context":{"short_desc":"","purpose":"general"},"_links":{"self":[{"href":"https:\/\/juzbado.es\/nuevaweb\/wp-json\/wp\/v2\/pages\/1344","targetHints":{"allow":["GET"]}}],"collection":[{"href":"https:\/\/juzbado.es\/nuevaweb\/wp-json\/wp\/v2\/pages"}],"about":[{"href":"https:\/\/juzbado.es\/nuevaweb\/wp-json\/wp\/v2\/types\/page"}],"author":[{"embeddable":true,"href":"https:\/\/juzbado.es\/nuevaweb\/wp-json\/wp\/v2\/users\/1"}],"replies":[{"embeddable":true,"href":"https:\/\/juzbado.es\/nuevaweb\/wp-json\/wp\/v2\/comments?post=1344"}],"version-history":[{"count":1,"href":"https:\/\/juzbado.es\/nuevaweb\/wp-json\/wp\/v2\/pages\/1344\/revisions"}],"predecessor-version":[{"id":1358,"href":"https:\/\/juzbado.es\/nuevaweb\/wp-json\/wp\/v2\/pages\/1344\/revisions\/1358"}],"wp:attachment":[{"href":"https:\/\/juzbado.es\/nuevaweb\/wp-json\/wp\/v2\/media?parent=1344"}],"curies":[{"name":"wp","href":"https:\/\/api.w.org\/{rel}","templated":true}]}}