{"id":1366,"date":"2025-03-13T13:47:59","date_gmt":"2025-03-13T12:47:59","guid":{"rendered":"http:\/\/juzbado.es\/nuevaweb\/?page_id=1366"},"modified":"2025-03-14T10:04:30","modified_gmt":"2025-03-14T09:04:30","slug":"tienda-de-comercio","status":"publish","type":"page","link":"https:\/\/juzbado.es\/nuevaweb\/tienda-de-comercio\/","title":{"rendered":"TIENDA DE COMERCIO"},"content":{"rendered":"\n<h4 class=\"wp-block-heading\">TIENDA DE COMERCIO<\/h4>\n\n\n\n<p>La tienda de Juzbado para el comercio esencial es una apuesta municipal por la actividad comercial y socioecon\u00f3mica de nuestro pueblo. Con ella se permite a todos los p\u00fablicos no solo la adquisici\u00f3n de elementos de consumo esenciales y locales, sino que tambi\u00e9n se crear\u00e1n puestos de trabajo contribuyendo al aumento de actividad y fijaci\u00f3n de poblaci\u00f3n en nuestro municipio.<\/p>\n\n\n\n<p>La tienda de comercio se ha levantado sobre una vieja casa abandonada que adquiere el Ayuntamiento para dotarla de significado y como una nueva herramienta de desarrollo. En su interior cuenta con un espacio central complementado con un ba\u00f1o y una sala aneja multifuncional. Ya en el exterior, la edificaci\u00f3n est\u00e1 hecha de piedra local y cuenta con una instalaci\u00f3n fotovoltaica en la cubierta. En los alrededores, existe un espacio remodelado en el que se sit\u00faa arbolado y un nuevo pavimento.<\/p>\n\n\n\n<p>Asimismo, el establecimiento contar\u00e1 con un servicio de env\u00edo y recogida de paquetes que podr\u00e1n utilizar todos los vecinos de Juzbado.<\/p>\n","protected":false},"excerpt":{"rendered":"<p>TIENDA DE COMERCIO La tienda de Juzbado para el comercio esencial es una apuesta municipal por la actividad comercial y socioecon\u00f3mica de nuestro pueblo. Con ella se permite a todos los p\u00fablicos no solo la adquisici\u00f3n de elementos de consumo esenciales y locales, sino que tambi\u00e9n se crear\u00e1n puestos de trabajo contribuyendo al aumento de [&hellip;]<\/p>\n","protected":false},"author":1,"featured_media":0,"parent":0,"menu_order":0,"comment_status":"closed","ping_status":"closed","template":"","meta":{"saved_in_kubio":false,"footnotes":""},"class_list":["post-1366","page","type-page","status-publish","hentry"],"kubio_ai_page_context":{"short_desc":"","purpose":"general"},"_links":{"self":[{"href":"https:\/\/juzbado.es\/nuevaweb\/wp-json\/wp\/v2\/pages\/1366","targetHints":{"allow":["GET"]}}],"collection":[{"href":"https:\/\/juzbado.es\/nuevaweb\/wp-json\/wp\/v2\/pages"}],"about":[{"href":"https:\/\/juzbado.es\/nuevaweb\/wp-json\/wp\/v2\/types\/page"}],"author":[{"embeddable":true,"href":"https:\/\/juzbado.es\/nuevaweb\/wp-json\/wp\/v2\/users\/1"}],"replies":[{"embeddable":true,"href":"https:\/\/juzbado.es\/nuevaweb\/wp-json\/wp\/v2\/comments?post=1366"}],"version-history":[{"count":1,"href":"https:\/\/juzbado.es\/nuevaweb\/wp-json\/wp\/v2\/pages\/1366\/revisions"}],"predecessor-version":[{"id":1367,"href":"https:\/\/juzbado.es\/nuevaweb\/wp-json\/wp\/v2\/pages\/1366\/revisions\/1367"}],"wp:attachment":[{"href":"https:\/\/juzbado.es\/nuevaweb\/wp-json\/wp\/v2\/media?parent=1366"}],"curies":[{"name":"wp","href":"https:\/\/api.w.org\/{rel}","templated":true}]}}