{"id":2022,"date":"2025-10-22T16:14:56","date_gmt":"2025-10-22T14:14:56","guid":{"rendered":"https:\/\/juzbado.es\/nuevaweb\/?page_id=2022"},"modified":"2026-02-09T14:22:40","modified_gmt":"2026-02-09T13:22:40","slug":"comunidad-energetica-de-juzbado","status":"publish","type":"page","link":"https:\/\/juzbado.es\/nuevaweb\/comunidad-energetica-de-juzbado\/","title":{"rendered":"COMUNIDAD ENERG\u00c9TICA DE JUZBADO"},"content":{"rendered":"\n<h2 class=\"wp-block-heading\"><\/h2>\n\n\n\n<figure class=\"wp-block-image aligncenter size-full is-resized\"><img loading=\"lazy\" decoding=\"async\" width=\"500\" height=\"500\" src=\"https:\/\/juzbado.es\/nuevaweb\/wp-content\/uploads\/2025\/12\/Diseno_sin_titulo__5_-removebg-preview.png\" alt=\"\" class=\"wp-image-2178\" style=\"width:433px;height:auto\" srcset=\"https:\/\/juzbado.es\/nuevaweb\/wp-content\/uploads\/2025\/12\/Diseno_sin_titulo__5_-removebg-preview.png 500w, https:\/\/juzbado.es\/nuevaweb\/wp-content\/uploads\/2025\/12\/Diseno_sin_titulo__5_-removebg-preview-300x300.png 300w, https:\/\/juzbado.es\/nuevaweb\/wp-content\/uploads\/2025\/12\/Diseno_sin_titulo__5_-removebg-preview-150x150.png 150w\" sizes=\"(max-width: 500px) 100vw, 500px\" \/><\/figure>\n\n\n\n<p>En este apartado de nueva creaci\u00f3n, proporcionaremos un conjunto de contenidos e infograf\u00edas sobre la asociaci\u00f3n sin \u00e1nimo de lucro Comunidad energ\u00e9tica de Juzbado.  Para m\u00e1s informaci\u00f3n, preguntas o sugerencias, puedes contactar v\u00eda correo electr\u00f3nico a trav\u00e9s de <strong>cejuzbado@gmail.com<\/strong> o en la Oficina de Desarrollo Local.  Los materiales que se muestran (Estatutos, Manual 2026 o convocatorias) se pueden descargar en PDF.<\/p>\n\n\n\n\n\n<h4 class=\"wp-block-heading\">MANUAL DE LA COMUNIDAD ENERG\u00c9TICA<\/h4>\n\n\n\n<p><\/p>\n\n\n\n\n\n<p><\/p>\n\n\n\n\n\n<h4 class=\"wp-block-heading\">TR\u00cdPTICO<\/h4>\n\n\n\n<p><\/p>\n\n\n\n<div data-wp-interactive=\"core\/file\" class=\"wp-block-file\"><object data-wp-bind--hidden=\"!state.hasPdfPreview\" hidden class=\"wp-block-file__embed\" data=\"https:\/\/juzbado.es\/nuevaweb\/wp-content\/uploads\/2026\/01\/TRIPTICO-COMUNIDAD-ENERGETICA-ENERO-2026.pdf\" type=\"application\/pdf\" style=\"width:100%;height:520px\" aria-label=\"Incrustado de TRIPTICO COMUNIDAD ENERG\u00c9TICA ENERO 2026.\"><\/object><a id=\"wp-block-file--media-3f6df2d4-d22b-4dec-9afc-1a796118df21\" href=\"https:\/\/juzbado.es\/nuevaweb\/wp-content\/uploads\/2026\/01\/TRIPTICO-COMUNIDAD-ENERGETICA-ENERO-2026.pdf\">TRIPTICO COMUNIDAD ENERG\u00c9TICA ENERO 2026<\/a><a href=\"https:\/\/juzbado.es\/nuevaweb\/wp-content\/uploads\/2026\/01\/TRIPTICO-COMUNIDAD-ENERGETICA-ENERO-2026.pdf\" class=\"wp-block-file__button wp-element-button\" download aria-describedby=\"wp-block-file--media-3f6df2d4-d22b-4dec-9afc-1a796118df21\">Descarga<\/a><\/div>\n\n\n\n\n\n\n\n<h4 class=\"wp-block-heading\">ESTATUTOS<\/h4>\n\n\n\n<div data-wp-interactive=\"core\/file\" class=\"wp-block-file\"><object data-wp-bind--hidden=\"!state.hasPdfPreview\" hidden class=\"wp-block-file__embed\" data=\"https:\/\/juzbado.es\/nuevaweb\/wp-content\/uploads\/2026\/02\/Estatutos-ASOCIACION-COMUNIDAD-ENERGETICA-JUZBADO-FEBRERO-2025.pdf\" type=\"application\/pdf\" style=\"width:100%;height:600px\" aria-label=\"Incrustado de Estatutos ASOCIACI\u00d3N COMUNIDAD ENERG\u00c9TICA JUZBADO FEBRERO 2025.\"><\/object><a id=\"wp-block-file--media-eb12139b-4824-47a4-84a4-df7703b843b0\" href=\"https:\/\/juzbado.es\/nuevaweb\/wp-content\/uploads\/2026\/02\/Estatutos-ASOCIACION-COMUNIDAD-ENERGETICA-JUZBADO-FEBRERO-2025.pdf\">Estatutos ASOCIACI\u00d3N COMUNIDAD ENERG\u00c9TICA JUZBADO FEBRERO 2025<\/a><a href=\"https:\/\/juzbado.es\/nuevaweb\/wp-content\/uploads\/2026\/02\/Estatutos-ASOCIACION-COMUNIDAD-ENERGETICA-JUZBADO-FEBRERO-2025.pdf\" class=\"wp-block-file__button wp-element-button\" download aria-describedby=\"wp-block-file--media-eb12139b-4824-47a4-84a4-df7703b843b0\">Descarga<\/a><\/div>\n\n\n\n\n\n<h4 class=\"wp-block-heading\">FORMULARIO DE RECOGIDA DE DATOS<\/h4>\n\n\n\n<p>Este <strong><a href=\"https:\/\/docs.google.com\/forms\/d\/e\/1FAIpQLSc817Fl-eo2_u8WlCqpNE9DIXE7YYqI5C0WJnBckYzhpZyrWA\/viewform\">FORMULARIO<\/a><\/strong> de la Comunidad Energ\u00e9tica de Juzbado est\u00e1 concebido para aquellas personas con contadores en Juzbado (CUPS) interesadas en formar parte de la misma. Para realizar los estudios energ\u00e9ticos, es necesario rellenar el formulario y entregarlo a trav\u00e9s del correo de m\u00e1s arriba o impreso en la Oficina de Desarrollo situada en el Ayuntamiento.<\/p>\n\n\n\n<p>NOTA: Adem\u00e1s del formulario de recogida de datos, ser\u00e1 necesario inscribirse como persona asociada de la comunidad energ\u00e9tica y abonar la cuota.<\/p>\n\n\n\n\n\n<h4 class=\"wp-block-heading\">MAPA DE PLACAS SOLARES <\/h4>\n\n\n\n<p>En el siguiente mapa puedes consultar las placas solares que hay instaladas y pendientes de instalar en el municipio.  La potencia instalada es propiedad del Ayuntamiento de Juzbado y se pone a disposici\u00f3n de las personas asociadas a la comunidad energ\u00e9tica. Se distinguen placas solares ya instaladas (amarillo) y pendientes de instalar (rojo) para la comunidad y las placas de autoconsumo del Ayuntamiento (verde).<\/p>\n\n\n\n<figure class=\"wp-block-image size-large\"><img loading=\"lazy\" decoding=\"async\" width=\"1024\" height=\"724\" src=\"https:\/\/juzbado.es\/nuevaweb\/wp-content\/uploads\/2026\/02\/MAPA-PLACAS-2026-2-1024x724.jpg\" alt=\"\" class=\"wp-image-2425\" srcset=\"https:\/\/juzbado.es\/nuevaweb\/wp-content\/uploads\/2026\/02\/MAPA-PLACAS-2026-2-1024x724.jpg 1024w, https:\/\/juzbado.es\/nuevaweb\/wp-content\/uploads\/2026\/02\/MAPA-PLACAS-2026-2-300x212.jpg 300w, https:\/\/juzbado.es\/nuevaweb\/wp-content\/uploads\/2026\/02\/MAPA-PLACAS-2026-2-768x543.jpg 768w, https:\/\/juzbado.es\/nuevaweb\/wp-content\/uploads\/2026\/02\/MAPA-PLACAS-2026-2-1536x1086.jpg 1536w, https:\/\/juzbado.es\/nuevaweb\/wp-content\/uploads\/2026\/02\/MAPA-PLACAS-2026-2-1528x1080.jpg 1528w, https:\/\/juzbado.es\/nuevaweb\/wp-content\/uploads\/2026\/02\/MAPA-PLACAS-2026-2.jpg 1754w\" sizes=\"(max-width: 1024px) 100vw, 1024px\" \/><\/figure>\n\n\n\n\n\n<p>En esta <a href=\"https:\/\/drive.google.com\/drive\/folders\/1yq16kCIyvmAghxnkodrlcOwjvEUQ4TIL?usp=drive_link\"><strong>CARPETA DE DRIVE<\/strong><\/a> puedes acceder tambi\u00e9n al historial de convocatorias de reuniones p\u00fablicas celebradas hasta la fecha. Estas reuniones siempre se anuncian previamente a trav\u00e9s de los cauces habituales y en redes sociales, a las que puedes acceder desde los iconos de la p\u00e1gina principal.<\/p>\n\n\n\n<p><\/p>\n\n\n\n<p><\/p>\n","protected":false},"excerpt":{"rendered":"<p>En este apartado de nueva creaci\u00f3n, proporcionaremos un conjunto de contenidos e infograf\u00edas sobre la asociaci\u00f3n sin \u00e1nimo de lucro Comunidad energ\u00e9tica de Juzbado. Para m\u00e1s informaci\u00f3n, preguntas o sugerencias, puedes contactar v\u00eda correo electr\u00f3nico a trav\u00e9s de cejuzbado@gmail.com o en la Oficina de Desarrollo Local. Los materiales que se muestran (Estatutos, Manual 2026 o [&hellip;]<\/p>\n","protected":false},"author":1,"featured_media":0,"parent":0,"menu_order":0,"comment_status":"closed","ping_status":"closed","template":"","meta":{"saved_in_kubio":true,"footnotes":""},"class_list":["post-2022","page","type-page","status-publish","hentry"],"kubio_ai_page_context":{"short_desc":"","purpose":"general"},"_links":{"self":[{"href":"https:\/\/juzbado.es\/nuevaweb\/wp-json\/wp\/v2\/pages\/2022","targetHints":{"allow":["GET"]}}],"collection":[{"href":"https:\/\/juzbado.es\/nuevaweb\/wp-json\/wp\/v2\/pages"}],"about":[{"href":"https:\/\/juzbado.es\/nuevaweb\/wp-json\/wp\/v2\/types\/page"}],"author":[{"embeddable":true,"href":"https:\/\/juzbado.es\/nuevaweb\/wp-json\/wp\/v2\/users\/1"}],"replies":[{"embeddable":true,"href":"https:\/\/juzbado.es\/nuevaweb\/wp-json\/wp\/v2\/comments?post=2022"}],"version-history":[{"count":38,"href":"https:\/\/juzbado.es\/nuevaweb\/wp-json\/wp\/v2\/pages\/2022\/revisions"}],"predecessor-version":[{"id":2458,"href":"https:\/\/juzbado.es\/nuevaweb\/wp-json\/wp\/v2\/pages\/2022\/revisions\/2458"}],"wp:attachment":[{"href":"https:\/\/juzbado.es\/nuevaweb\/wp-json\/wp\/v2\/media?parent=2022"}],"curies":[{"name":"wp","href":"https:\/\/api.w.org\/{rel}","templated":true}]}}